{"id":1322,"date":"2023-11-24T20:01:38","date_gmt":"2023-11-24T20:01:38","guid":{"rendered":"https:\/\/ubicante.com\/?page_id=1322"},"modified":"2024-12-03T06:32:40","modified_gmt":"2024-12-03T06:32:40","slug":"author","status":"publish","type":"page","link":"https:\/\/ubicante.com\/es\/author\/","title":{"rendered":"Ubicante Group"},"content":{"rendered":"<div class=\"gb-container gb-container-a1473d7a\">\n<div class=\"gb-container gb-container-951b687c\">\n<div class=\"wp-block-image\">\n<figure class=\"aligncenter size-full is-resized\"><img loading=\"lazy\" decoding=\"async\" width=\"466\" height=\"520\" src=\"https:\/\/ubicante.com\/wp-content\/uploads\/Sobre-nosotros-imagen-foto.png\" alt=\"Sobre nosotros imagen foto\" class=\"wp-image-1276\" style=\"width:328px;height:auto\" srcset=\"https:\/\/ubicante.com\/wp-content\/uploads\/Sobre-nosotros-imagen-foto.png 466w, https:\/\/ubicante.com\/wp-content\/uploads\/Sobre-nosotros-imagen-foto-269x300.png 269w\" sizes=\"auto, (max-width: 466px) 100vw, 466px\" \/><\/figure>\n<\/div>\n\n\n<h2 class=\"gb-headline gb-headline-99f7d481 gb-headline-text\">Enrique Cervantes<\/h2>\n\n\n\n<p>Conoce a Enrique Cervantes, originario de Dallas, TX y criado en Guanajuato, M\u00e9xico. Con m\u00e1s de cinco a\u00f1os de experiencia como agente de bienes ra\u00edces en el \u00e1rea de Dallas, Enrique aporta una perspectiva \u00fanica y amplia experiencia a cada transacci\u00f3n. Antes de obtener su licencia como agente, trabaj\u00f3 de 2008 a 2019 en la industria de servicios hipotecarios durante la crisis de ejecuciones hipotecarias, especializ\u00e1ndose en preservaci\u00f3n de propiedades, desalojos, gesti\u00f3n de activos y gesti\u00f3n de proveedores para instituciones importantes como Bank of America y Capital One.<\/p>\n\n\n\n<p>Enrique tambi\u00e9n es fundador de Ubicante Group, una empresa dedicada a ayudar a las familias a navegar el proceso de compra de vivienda con transparencia y orientaci\u00f3n personalizada. Aunque Ubicante Group ha ganado la confianza de la comunidad hispana, Enrique se compromete a brindar un servicio excepcional a clientes de todos los or\u00edgenes, asegur\u00e1ndose de que cada familia se sienta confiada e informada en su camino hacia la compra de su hogar.<\/p>\n\n<\/div>\n\n<div class=\"gb-container gb-container-1d949b1b\">\n\n<a class=\"gb-button gb-button-bc8b389b\" href=\"https:\/\/ubicante.com\/es\/blog\/\"><span class=\"gb-button-text\">Ver todos los articulos<\/span><span class=\"gb-icon\"><svg viewBox=\"0 0 24 24\" height=\"100\" width=\"100\" y=\"0px\" x=\"0px\" xmlns=\"http:\/\/www.w3.org\/2000\/svg\"> <path d=\"M 19.980469 2.9902344 A 1.0001 1.0001 0 0 0 19.869141 3 L 15 3 A 1.0001 1.0001 0 1 0 15 5 L 17.585938 5 L 8.2929688 14.292969 A 1.0001 1.0001 0 1 0 9.7070312 15.707031 L 19 6.4140625 L 19 9 A 1.0001 1.0001 0 1 0 21 9 L 21 4.1269531 A 1.0001 1.0001 0 0 0 19.980469 2.9902344 z M 5 3 C 3.9069372 3 3 3.9069372 3 5 L 3 19 C 3 20.093063 3.9069372 21 5 21 L 19 21 C 20.093063 21 21 20.093063 21 19 L 21 13 A 1.0001 1.0001 0 1 0 19 13 L 19 19 L 5 19 L 5 5 L 11 5 A 1.0001 1.0001 0 1 0 11 3 L 5 3 z\"><\/path> <\/svg><\/span><\/a>\n\n<\/div>\n\n\n<\/div>","protected":false},"excerpt":{"rendered":"<p>Enrique Cervantes Conoce a Enrique Cervantes, originario de Dallas, TX y criado en Guanajuato, M\u00e9xico. Con m\u00e1s de cinco a\u00f1os de experiencia como agente de &#8230; <a title=\"Ubicante Group\" class=\"read-more\" href=\"https:\/\/ubicante.com\/es\/author\/\" aria-label=\"Leer m\u00e1s sobre Ubicante Group\">Leer m\u00e1s<\/a><\/p>\n","protected":false},"author":1,"featured_media":0,"parent":0,"menu_order":0,"comment_status":"closed","ping_status":"closed","template":"","meta":{"_eb_attr":"","footnotes":""},"class_list":["post-1322","page","type-page","status-publish"],"yoast_head":"<!-- This site is optimized with the Yoast SEO plugin v27.3 - https:\/\/yoast.com\/product\/yoast-seo-wordpress\/ -->\n<title>Ubicante Group - Ubicante<\/title>\n<meta name=\"robots\" content=\"index, follow, max-snippet:-1, max-image-preview:large, max-video-preview:-1\" \/>\n<link rel=\"canonical\" href=\"https:\/\/ubicante.com\/es\/author\/\" \/>\n<meta property=\"og:locale\" content=\"es_ES\" \/>\n<meta property=\"og:type\" content=\"article\" \/>\n<meta property=\"og:title\" content=\"Ubicante Group - Ubicante\" \/>\n<meta property=\"og:description\" content=\"Enrique Cervantes Conoce a Enrique Cervantes, originario de Dallas, TX y criado en Guanajuato, M\u00e9xico. Con m\u00e1s de cinco a\u00f1os de experiencia como agente de ... Leer m\u00e1s\" \/>\n<meta property=\"og:url\" content=\"https:\/\/ubicante.com\/es\/author\/\" \/>\n<meta property=\"og:site_name\" content=\"Ubicante\" \/>\n<meta property=\"article:modified_time\" content=\"2024-12-03T06:32:40+00:00\" \/>\n<meta property=\"og:image\" content=\"https:\/\/ubicante.com\/wp-content\/uploads\/Sobre-nosotros-imagen-foto.png\" \/>\n\t<meta property=\"og:image:width\" content=\"466\" \/>\n\t<meta property=\"og:image:height\" content=\"520\" \/>\n\t<meta property=\"og:image:type\" content=\"image\/png\" \/>\n<meta name=\"twitter:card\" content=\"summary_large_image\" \/>\n<meta name=\"twitter:label1\" content=\"Tiempo de lectura\" \/>\n\t<meta name=\"twitter:data1\" content=\"2 minutos\" \/>\n<script type=\"application\/ld+json\" class=\"yoast-schema-graph\">{\"@context\":\"https:\\\/\\\/schema.org\",\"@graph\":[{\"@type\":\"WebPage\",\"@id\":\"https:\\\/\\\/ubicante.com\\\/es\\\/author\\\/\",\"url\":\"https:\\\/\\\/ubicante.com\\\/es\\\/author\\\/\",\"name\":\"Ubicante Group - Ubicante\",\"isPartOf\":{\"@id\":\"https:\\\/\\\/ubicante.com\\\/es\\\/#website\"},\"primaryImageOfPage\":{\"@id\":\"https:\\\/\\\/ubicante.com\\\/es\\\/author\\\/#primaryimage\"},\"image\":{\"@id\":\"https:\\\/\\\/ubicante.com\\\/es\\\/author\\\/#primaryimage\"},\"thumbnailUrl\":\"https:\\\/\\\/ubicante.com\\\/wp-content\\\/uploads\\\/Sobre-nosotros-imagen-foto.png\",\"datePublished\":\"2023-11-24T20:01:38+00:00\",\"dateModified\":\"2024-12-03T06:32:40+00:00\",\"breadcrumb\":{\"@id\":\"https:\\\/\\\/ubicante.com\\\/es\\\/author\\\/#breadcrumb\"},\"inLanguage\":\"es\",\"potentialAction\":[{\"@type\":\"ReadAction\",\"target\":[\"https:\\\/\\\/ubicante.com\\\/es\\\/author\\\/\"]}]},{\"@type\":\"ImageObject\",\"inLanguage\":\"es\",\"@id\":\"https:\\\/\\\/ubicante.com\\\/es\\\/author\\\/#primaryimage\",\"url\":\"https:\\\/\\\/ubicante.com\\\/wp-content\\\/uploads\\\/Sobre-nosotros-imagen-foto.png\",\"contentUrl\":\"https:\\\/\\\/ubicante.com\\\/wp-content\\\/uploads\\\/Sobre-nosotros-imagen-foto.png\"},{\"@type\":\"BreadcrumbList\",\"@id\":\"https:\\\/\\\/ubicante.com\\\/es\\\/author\\\/#breadcrumb\",\"itemListElement\":[{\"@type\":\"ListItem\",\"position\":1,\"name\":\"Portada\",\"item\":\"https:\\\/\\\/ubicante.com\\\/es\\\/\"},{\"@type\":\"ListItem\",\"position\":2,\"name\":\"Ubicante Group\"}]},{\"@type\":\"WebSite\",\"@id\":\"https:\\\/\\\/ubicante.com\\\/es\\\/#website\",\"url\":\"https:\\\/\\\/ubicante.com\\\/es\\\/\",\"name\":\"Ubicante\",\"description\":\"\",\"publisher\":{\"@id\":\"https:\\\/\\\/ubicante.com\\\/es\\\/#organization\"},\"potentialAction\":[{\"@type\":\"SearchAction\",\"target\":{\"@type\":\"EntryPoint\",\"urlTemplate\":\"https:\\\/\\\/ubicante.com\\\/es\\\/?s={search_term_string}\"},\"query-input\":{\"@type\":\"PropertyValueSpecification\",\"valueRequired\":true,\"valueName\":\"search_term_string\"}}],\"inLanguage\":\"es\"},{\"@type\":\"Organization\",\"@id\":\"https:\\\/\\\/ubicante.com\\\/es\\\/#organization\",\"name\":\"Ubicante\",\"url\":\"https:\\\/\\\/ubicante.com\\\/es\\\/\",\"logo\":{\"@type\":\"ImageObject\",\"inLanguage\":\"es\",\"@id\":\"https:\\\/\\\/ubicante.com\\\/es\\\/#\\\/schema\\\/logo\\\/image\\\/\",\"url\":\"https:\\\/\\\/ubicante.com\\\/wp-content\\\/uploads\\\/Ubicante-logo.png\",\"contentUrl\":\"https:\\\/\\\/ubicante.com\\\/wp-content\\\/uploads\\\/Ubicante-logo.png\",\"width\":275,\"height\":69,\"caption\":\"Ubicante\"},\"image\":{\"@id\":\"https:\\\/\\\/ubicante.com\\\/es\\\/#\\\/schema\\\/logo\\\/image\\\/\"}}]}<\/script>\n<!-- \/ Yoast SEO plugin. -->","yoast_head_json":{"title":"Ubicante Group - Ubicante","robots":{"index":"index","follow":"follow","max-snippet":"max-snippet:-1","max-image-preview":"max-image-preview:large","max-video-preview":"max-video-preview:-1"},"canonical":"https:\/\/ubicante.com\/es\/author\/","og_locale":"es_ES","og_type":"article","og_title":"Ubicante Group - Ubicante","og_description":"Enrique Cervantes Conoce a Enrique Cervantes, originario de Dallas, TX y criado en Guanajuato, M\u00e9xico. Con m\u00e1s de cinco a\u00f1os de experiencia como agente de ... Leer m\u00e1s","og_url":"https:\/\/ubicante.com\/es\/author\/","og_site_name":"Ubicante","article_modified_time":"2024-12-03T06:32:40+00:00","og_image":[{"width":466,"height":520,"url":"https:\/\/ubicante.com\/wp-content\/uploads\/Sobre-nosotros-imagen-foto.png","type":"image\/png"}],"twitter_card":"summary_large_image","twitter_misc":{"Tiempo de lectura":"2 minutos"},"schema":{"@context":"https:\/\/schema.org","@graph":[{"@type":"WebPage","@id":"https:\/\/ubicante.com\/es\/author\/","url":"https:\/\/ubicante.com\/es\/author\/","name":"Ubicante Group - Ubicante","isPartOf":{"@id":"https:\/\/ubicante.com\/es\/#website"},"primaryImageOfPage":{"@id":"https:\/\/ubicante.com\/es\/author\/#primaryimage"},"image":{"@id":"https:\/\/ubicante.com\/es\/author\/#primaryimage"},"thumbnailUrl":"https:\/\/ubicante.com\/wp-content\/uploads\/Sobre-nosotros-imagen-foto.png","datePublished":"2023-11-24T20:01:38+00:00","dateModified":"2024-12-03T06:32:40+00:00","breadcrumb":{"@id":"https:\/\/ubicante.com\/es\/author\/#breadcrumb"},"inLanguage":"es","potentialAction":[{"@type":"ReadAction","target":["https:\/\/ubicante.com\/es\/author\/"]}]},{"@type":"ImageObject","inLanguage":"es","@id":"https:\/\/ubicante.com\/es\/author\/#primaryimage","url":"https:\/\/ubicante.com\/wp-content\/uploads\/Sobre-nosotros-imagen-foto.png","contentUrl":"https:\/\/ubicante.com\/wp-content\/uploads\/Sobre-nosotros-imagen-foto.png"},{"@type":"BreadcrumbList","@id":"https:\/\/ubicante.com\/es\/author\/#breadcrumb","itemListElement":[{"@type":"ListItem","position":1,"name":"Portada","item":"https:\/\/ubicante.com\/es\/"},{"@type":"ListItem","position":2,"name":"Ubicante Group"}]},{"@type":"WebSite","@id":"https:\/\/ubicante.com\/es\/#website","url":"https:\/\/ubicante.com\/es\/","name":"Ubicante","description":"","publisher":{"@id":"https:\/\/ubicante.com\/es\/#organization"},"potentialAction":[{"@type":"SearchAction","target":{"@type":"EntryPoint","urlTemplate":"https:\/\/ubicante.com\/es\/?s={search_term_string}"},"query-input":{"@type":"PropertyValueSpecification","valueRequired":true,"valueName":"search_term_string"}}],"inLanguage":"es"},{"@type":"Organization","@id":"https:\/\/ubicante.com\/es\/#organization","name":"Ubicante","url":"https:\/\/ubicante.com\/es\/","logo":{"@type":"ImageObject","inLanguage":"es","@id":"https:\/\/ubicante.com\/es\/#\/schema\/logo\/image\/","url":"https:\/\/ubicante.com\/wp-content\/uploads\/Ubicante-logo.png","contentUrl":"https:\/\/ubicante.com\/wp-content\/uploads\/Ubicante-logo.png","width":275,"height":69,"caption":"Ubicante"},"image":{"@id":"https:\/\/ubicante.com\/es\/#\/schema\/logo\/image\/"}}]}},"_links":{"self":[{"href":"https:\/\/ubicante.com\/es\/wp-json\/wp\/v2\/pages\/1322","targetHints":{"allow":["GET"]}}],"collection":[{"href":"https:\/\/ubicante.com\/es\/wp-json\/wp\/v2\/pages"}],"about":[{"href":"https:\/\/ubicante.com\/es\/wp-json\/wp\/v2\/types\/page"}],"author":[{"embeddable":true,"href":"https:\/\/ubicante.com\/es\/wp-json\/wp\/v2\/users\/1"}],"replies":[{"embeddable":true,"href":"https:\/\/ubicante.com\/es\/wp-json\/wp\/v2\/comments?post=1322"}],"version-history":[{"count":41,"href":"https:\/\/ubicante.com\/es\/wp-json\/wp\/v2\/pages\/1322\/revisions"}],"predecessor-version":[{"id":5010,"href":"https:\/\/ubicante.com\/es\/wp-json\/wp\/v2\/pages\/1322\/revisions\/5010"}],"wp:attachment":[{"href":"https:\/\/ubicante.com\/es\/wp-json\/wp\/v2\/media?parent=1322"}],"curies":[{"name":"wp","href":"https:\/\/api.w.org\/{rel}","templated":true}]}}