{"id":1647,"date":"2023-12-06T22:45:22","date_gmt":"2023-12-06T22:45:22","guid":{"rendered":"https:\/\/ubicante.com\/?page_id=1647"},"modified":"2023-12-30T15:24:21","modified_gmt":"2023-12-30T15:24:21","slug":"politica-de-privacidad","status":"publish","type":"page","link":"https:\/\/ubicante.com\/es\/politica-de-privacidad\/","title":{"rendered":"Politica de Privacidad"},"content":{"rendered":"\n<p>Esta Pol\u00edtica de Privacidad describe c\u00f3mo se recopila, utiliza y divulga informaci\u00f3n sobre usted en Ubicante.com cuando utiliza nuestro sitio web.<\/p>\n\n\n\n<p>En Ubicante.com, nos comprometemos a proteger su privacidad y crear un entorno en l\u00ednea seguro para cualquier persona que visite o utilice nuestro sitio. Toda la informaci\u00f3n es confidencial y nunca se vende, alquila ni se comparte con otra empresa fuera de nuestra Red de Socios para ayudarnos a brindar los Servicios enumerados en nuestro sitio web. Al visitar Ubicante.com, acepta las pr\u00e1cticas descritas en este Aviso de Privacidad.<\/p>\n\n\n\n<p>Informaci\u00f3n que nos proporciona<\/p>\n\n\n\n<p>Recopilamos y almacenamos la informaci\u00f3n que nos proporciona directamente. Podemos ponernos en contacto con usted para emparejarlo con un agente, proporcionar comentarios y calificar sus experiencias con nuestros Servicios, registrarse en nuestra lista de correo o cuando nos llame, env\u00ede un correo electr\u00f3nico o se comunique de alguna otra manera con nosotros. Los tipos de informaci\u00f3n que podemos recopilar incluyen:<\/p>\n\n\n\n<ul class=\"wp-block-list\">\n<li>Informaci\u00f3n b\u00e1sica del usuario, como su nombre, direcci\u00f3n de correo electr\u00f3nico, n\u00famero de tel\u00e9fono, si est\u00e1 comprando o vendiendo una casa y el mejor momento para ponerse en contacto con usted; y<\/li>\n\n\n\n<li>Informaci\u00f3n sobre la vivienda, como la direcci\u00f3n, el tipo de vivienda y el rango de precios de la vivienda que le interesa comprar o vender.<\/li>\n<\/ul>\n\n\n\n<p>Informaci\u00f3n que recopilamos autom\u00e1ticamente<\/p>\n\n\n\n<p>Cuando accede o utiliza nuestros Servicios, Ubicante.com puede recopilar autom\u00e1ticamente informaci\u00f3n sobre usted, incluyendo:<\/p>\n\n\n\n<ul class=\"wp-block-list\">\n<li>Informaci\u00f3n de registro. Registramos autom\u00e1ticamente informaci\u00f3n cuando visita nuestros sitios web, incluida su direcci\u00f3n IP, tiempos de acceso, sistema operativo, tipo y idioma del navegador, proveedor de servicios de Internet (ISP) y las p\u00e1ginas web que visita.<\/li>\n\n\n\n<li>Podemos combinar esta informaci\u00f3n de registro recopilada autom\u00e1ticamente con otra informaci\u00f3n que recopilamos sobre usted. Hacemos esto para mejorar los servicios que le ofrecemos, as\u00ed como para mejorar el marketing, an\u00e1lisis o funcionalidad del sitio.<\/li>\n\n\n\n<li>Tecnolog\u00edas como cookies, balizas, etiquetas y scripts son utilizadas por Ubicante.com y nuestros socios de marketing y proveedores de an\u00e1lisis o servicios. Estas tecnolog\u00edas se utilizan para analizar tendencias, administrar el sitio, rastrear los movimientos de los usuarios de forma an\u00f3nima y recopilar informaci\u00f3n demogr\u00e1fica sobre nuestra base de usuarios en su conjunto. Podemos recibir informes basados en el uso de estas tecnolog\u00edas por parte de estas empresas de manera agregada.<\/li>\n\n\n\n<li>Utilizamos cookies para recordar las preferencias del usuario y la fuente del socio de origen. Los usuarios pueden controlar el uso de cookies a nivel individual del navegador. Si rechaza las cookies, a\u00fan puede utilizar nuestro sitio, pero su capacidad para utilizar algunas caracter\u00edsticas o \u00e1reas de nuestro sitio puede verse limitada.<\/li>\n\n\n\n<li>Objetos compartidos localmente (LSO). Utilizamos objetos de almacenamiento local, como HTML5, para almacenar informaci\u00f3n de contenido y preferencias y as\u00ed acelerar la carga de las p\u00e1ginas web y mejorar su experiencia en el sitio web.<\/li>\n\n\n\n<li>Terceros, con quienes nos asociamos para proporcionar ciertas funciones en nuestro sitio o mostrar publicidad basada en la actividad de navegaci\u00f3n por la web, utilizan objetos compartidos localmente como HTML5 para recopilar y almacenar informaci\u00f3n.<\/li>\n<\/ul>\n\n\n\n<p>Uso de la informaci\u00f3n<\/p>\n\n\n\n<p>Utilizamos la informaci\u00f3n recopilada a trav\u00e9s de nuestros Servicios con los fines descritos en esta Pol\u00edtica o como se le informe de otra manera en relaci\u00f3n con nuestros Servicios. Por ejemplo, podemos utilizar su informaci\u00f3n para:<\/p>\n\n\n\n<ul class=\"wp-block-list\">\n<li>Proporcionar, mantener y mejorar nuestros Servicios, y ofrecer la informaci\u00f3n que solicita;<\/li>\n\n\n\n<li>Responder a sus comentarios y preguntas, y brindar servicio al cliente;<\/li>\n\n\n\n<li>Comunicarnos con usted sobre nuestros Servicios y cualquier otro evento, noticia o informaci\u00f3n sobre Ubicante.com y nuestros socios seleccionados;<\/li>\n\n\n\n<li>Monitorear y analizar tendencias, uso y actividades relacionadas con nuestros Servicios;<\/li>\n\n\n\n<li>Personalizar y mejorar los Servicios y proporcionar contenido, funciones o anuncios que se ajusten a sus intereses y preferencias; y<\/li>\n\n\n\n<li>Vincular o combinar con otra informaci\u00f3n que obtenemos de terceros para comprender sus necesidades y brindarle un mejor servicio.<\/li>\n<\/ul>\n\n\n\n<p>Ubicante.com puede almacenar y procesar su informaci\u00f3n en los Estados Unidos y en otros pa\u00edses.<\/p>\n\n\n\n<p>Divulgaci\u00f3n de la informaci\u00f3n<\/p>\n\n\n\n<p>Compartiremos su informaci\u00f3n personal con terceros solo de las maneras descritas en esta pol\u00edtica de privacidad. No vendemos su informaci\u00f3n personal a terceros.<\/p>\n\n\n\n<p>Podemos compartir su informaci\u00f3n de las siguientes maneras:<\/p>\n\n\n\n<ul class=\"wp-block-list\">\n<li>Con proveedores, consultores y otros prestadores de servicios externos que necesiten acceder a informaci\u00f3n sobre usted para llevar a cabo su trabajo para nosotros. Estas empresas est\u00e1n autorizadas a utilizar su informaci\u00f3n personal solo seg\u00fan sea necesario para proporcionarnos estos servicios;<\/li>\n\n\n\n<li>Si creemos que la divulgaci\u00f3n es razonablemente necesaria para cumplir con cualquier ley, regulaci\u00f3n, proceso legal o solicitud gubernamental aplicable; para hacer cumplir nuestros acuerdos, pol\u00edticas y T\u00e9rminos de Uso; para proteger la seguridad e integridad de nuestros Servicios; o para proteger a Ubicante.com, nuestros usuarios o el p\u00fablico contra da\u00f1os o actividades ilegales;<\/li>\n\n\n\n<li>Con su consentimiento, incluido cuando le indique a Ubicante.com que comparta informaci\u00f3n sobre usted con agentes u otros terceros.<\/li>\n<\/ul>\n\n\n\n<p>Tambi\u00e9n podemos compartir informaci\u00f3n agregada o anonimizada que no lo identifique directamente.<\/p>\n\n\n\n<p>Segmentaci\u00f3n conductual<\/p>\n\n\n\n<p>Nos asociamos con un tercero para mostrar publicidad en nuestro sitio web o para gestionar nuestra publicidad en otros sitios. Nuestro socio de terceros puede utilizar tecnolog\u00edas como cookies para recopilar informaci\u00f3n sobre sus actividades en este sitio y en otros sitios con el fin de proporcionarle publicidad basada en sus actividades de navegaci\u00f3n e intereses.<\/p>\n\n\n\n<p>Enlaces a sitios de terceros<\/p>\n\n\n\n<p>Nuestro sitio incluye enlaces a otros sitios web cuyas pr\u00e1cticas de privacidad pueden diferir de las de Ubicante.com. Si env\u00eda informaci\u00f3n personal a alguno de esos sitios, su informaci\u00f3n se regir\u00e1 por sus pol\u00edticas de privacidad. Le recomendamos que lea cuidadosamente la pol\u00edtica de privacidad de cualquier sitio web que visite.<\/p>\n\n\n\n<p>Testimonios y rese\u00f1as<\/p>\n\n\n\n<p>Los usuarios pueden realizar calificaciones y rese\u00f1as de nuestros prestamistas y profesionales inmobiliarios. Al enviar esa informaci\u00f3n, otorga a Ubicante.com el derecho de publicar y divulgar esa informaci\u00f3n a nuestra entera discreci\u00f3n. Tambi\u00e9n mostramos testimonios personales de clientes satisfechos en nuestro sitio, adem\u00e1s de otros respaldos. Con su consentimiento, podemos publicar su testimonio junto con su nombre.<\/p>\n\n\n\n<p>Widgets de redes sociales<\/p>\n\n\n\n<p>Nuestro sitio web puede incluir funciones de redes sociales, como el bot\u00f3n Me gusta de Facebook, el bot<\/p>\n\n\n\n<p>\u00f3n Tweet de Twitter y otros botones de intercambio social o mini programas interactivos que se ejecutan en nuestro sitio. Estas funciones pueden recopilar su direcci\u00f3n IP, la p\u00e1gina que est\u00e1 visitando en nuestro sitio y pueden configurar una cookie para habilitar que la funci\u00f3n funcione correctamente. Las caracter\u00edsticas y widgets de redes sociales son alojados por un tercero o alojados directamente en nuestro sitio. Sus interacciones con estas funciones se rigen por la pol\u00edtica de privacidad de la empresa que las proporciona.<\/p>\n\n\n\n<p>Seguridad<\/p>\n\n\n\n<p>La seguridad de su informaci\u00f3n personal es importante para nosotros, por lo que Ubicante.com ha tomado medidas razonables para ayudar a proteger la informaci\u00f3n personal que comparten nuestros usuarios con nosotros, con el fin de prevenir p\u00e9rdidas, mal uso y acceso no autorizado, divulgaci\u00f3n, alteraci\u00f3n y destrucci\u00f3n.<\/p>\n\n\n\n<p>Seguimos est\u00e1ndares generalmente aceptados para proteger la informaci\u00f3n personal que se nos env\u00eda, tanto durante la transmisi\u00f3n como una vez que la recibimos. Sin embargo, ning\u00fan m\u00e9todo de transmisi\u00f3n por Internet o m\u00e9todo de almacenamiento electr\u00f3nico es 100% seguro. Por lo tanto, no podemos garantizar su seguridad absoluta.<\/p>\n\n\n\n<p>Cambios en la pol\u00edtica<\/p>\n\n\n\n<p>De vez en cuando, Ubicante.com puede revisar esta Pol\u00edtica. Le recomendamos que revise la Pol\u00edtica cada vez que acceda a los Servicios para asegurarse de que comprende nuestras pr\u00e1cticas de recopilaci\u00f3n, uso y divulgaci\u00f3n de informaci\u00f3n.<\/p>\n\n\n\n<p>Informaci\u00f3n de contacto<\/p>\n\n\n\n<p>Puede ponerse en contacto con Ubicante.com por correo electr\u00f3nico a: ecervantes463@icloud.com.<\/p>\n","protected":false},"excerpt":{"rendered":"<p>Esta Pol\u00edtica de Privacidad describe c\u00f3mo se recopila, utiliza y divulga informaci\u00f3n sobre usted en Ubicante.com cuando utiliza nuestro sitio web. En Ubicante.com, nos comprometemos &#8230; <a title=\"Politica de Privacidad\" class=\"read-more\" href=\"https:\/\/ubicante.com\/es\/politica-de-privacidad\/\" aria-label=\"Leer m\u00e1s sobre Politica de Privacidad\">Leer m\u00e1s<\/a><\/p>\n","protected":false},"author":1,"featured_media":0,"parent":0,"menu_order":0,"comment_status":"closed","ping_status":"closed","template":"","meta":{"_eb_attr":"","footnotes":""},"class_list":["post-1647","page","type-page","status-publish"],"yoast_head":"<!-- This site is optimized with the Yoast SEO plugin v27.3 - https:\/\/yoast.com\/product\/yoast-seo-wordpress\/ -->\n<title>Politica de Privacidad - Ubicante<\/title>\n<meta name=\"robots\" content=\"index, follow, max-snippet:-1, max-image-preview:large, max-video-preview:-1\" \/>\n<link rel=\"canonical\" href=\"https:\/\/ubicante.com\/es\/politica-de-privacidad\/\" \/>\n<meta property=\"og:locale\" content=\"es_ES\" \/>\n<meta property=\"og:type\" content=\"article\" \/>\n<meta property=\"og:title\" content=\"Politica de Privacidad - Ubicante\" \/>\n<meta property=\"og:description\" content=\"Esta Pol\u00edtica de Privacidad describe c\u00f3mo se recopila, utiliza y divulga informaci\u00f3n sobre usted en Ubicante.com cuando utiliza nuestro sitio web. En Ubicante.com, nos comprometemos ... Leer m\u00e1s\" \/>\n<meta property=\"og:url\" content=\"https:\/\/ubicante.com\/es\/politica-de-privacidad\/\" \/>\n<meta property=\"og:site_name\" content=\"Ubicante\" \/>\n<meta property=\"article:modified_time\" content=\"2023-12-30T15:24:21+00:00\" \/>\n<meta name=\"twitter:card\" content=\"summary_large_image\" \/>\n<meta name=\"twitter:label1\" content=\"Tiempo de lectura\" \/>\n\t<meta name=\"twitter:data1\" content=\"6 minutos\" \/>\n<script type=\"application\/ld+json\" class=\"yoast-schema-graph\">{\"@context\":\"https:\\\/\\\/schema.org\",\"@graph\":[{\"@type\":\"WebPage\",\"@id\":\"https:\\\/\\\/ubicante.com\\\/es\\\/politica-de-privacidad\\\/\",\"url\":\"https:\\\/\\\/ubicante.com\\\/es\\\/politica-de-privacidad\\\/\",\"name\":\"Politica de Privacidad - Ubicante\",\"isPartOf\":{\"@id\":\"https:\\\/\\\/ubicante.com\\\/es\\\/#website\"},\"datePublished\":\"2023-12-06T22:45:22+00:00\",\"dateModified\":\"2023-12-30T15:24:21+00:00\",\"breadcrumb\":{\"@id\":\"https:\\\/\\\/ubicante.com\\\/es\\\/politica-de-privacidad\\\/#breadcrumb\"},\"inLanguage\":\"es\",\"potentialAction\":[{\"@type\":\"ReadAction\",\"target\":[\"https:\\\/\\\/ubicante.com\\\/es\\\/politica-de-privacidad\\\/\"]}]},{\"@type\":\"BreadcrumbList\",\"@id\":\"https:\\\/\\\/ubicante.com\\\/es\\\/politica-de-privacidad\\\/#breadcrumb\",\"itemListElement\":[{\"@type\":\"ListItem\",\"position\":1,\"name\":\"Portada\",\"item\":\"https:\\\/\\\/ubicante.com\\\/es\\\/\"},{\"@type\":\"ListItem\",\"position\":2,\"name\":\"Politica de Privacidad\"}]},{\"@type\":\"WebSite\",\"@id\":\"https:\\\/\\\/ubicante.com\\\/es\\\/#website\",\"url\":\"https:\\\/\\\/ubicante.com\\\/es\\\/\",\"name\":\"Ubicante\",\"description\":\"\",\"publisher\":{\"@id\":\"https:\\\/\\\/ubicante.com\\\/es\\\/#organization\"},\"potentialAction\":[{\"@type\":\"SearchAction\",\"target\":{\"@type\":\"EntryPoint\",\"urlTemplate\":\"https:\\\/\\\/ubicante.com\\\/es\\\/?s={search_term_string}\"},\"query-input\":{\"@type\":\"PropertyValueSpecification\",\"valueRequired\":true,\"valueName\":\"search_term_string\"}}],\"inLanguage\":\"es\"},{\"@type\":\"Organization\",\"@id\":\"https:\\\/\\\/ubicante.com\\\/es\\\/#organization\",\"name\":\"Ubicante\",\"url\":\"https:\\\/\\\/ubicante.com\\\/es\\\/\",\"logo\":{\"@type\":\"ImageObject\",\"inLanguage\":\"es\",\"@id\":\"https:\\\/\\\/ubicante.com\\\/es\\\/#\\\/schema\\\/logo\\\/image\\\/\",\"url\":\"https:\\\/\\\/ubicante.com\\\/wp-content\\\/uploads\\\/Ubicante-logo.png\",\"contentUrl\":\"https:\\\/\\\/ubicante.com\\\/wp-content\\\/uploads\\\/Ubicante-logo.png\",\"width\":275,\"height\":69,\"caption\":\"Ubicante\"},\"image\":{\"@id\":\"https:\\\/\\\/ubicante.com\\\/es\\\/#\\\/schema\\\/logo\\\/image\\\/\"}}]}<\/script>\n<!-- \/ Yoast SEO plugin. -->","yoast_head_json":{"title":"Politica de Privacidad - Ubicante","robots":{"index":"index","follow":"follow","max-snippet":"max-snippet:-1","max-image-preview":"max-image-preview:large","max-video-preview":"max-video-preview:-1"},"canonical":"https:\/\/ubicante.com\/es\/politica-de-privacidad\/","og_locale":"es_ES","og_type":"article","og_title":"Politica de Privacidad - Ubicante","og_description":"Esta Pol\u00edtica de Privacidad describe c\u00f3mo se recopila, utiliza y divulga informaci\u00f3n sobre usted en Ubicante.com cuando utiliza nuestro sitio web. En Ubicante.com, nos comprometemos ... Leer m\u00e1s","og_url":"https:\/\/ubicante.com\/es\/politica-de-privacidad\/","og_site_name":"Ubicante","article_modified_time":"2023-12-30T15:24:21+00:00","twitter_card":"summary_large_image","twitter_misc":{"Tiempo de lectura":"6 minutos"},"schema":{"@context":"https:\/\/schema.org","@graph":[{"@type":"WebPage","@id":"https:\/\/ubicante.com\/es\/politica-de-privacidad\/","url":"https:\/\/ubicante.com\/es\/politica-de-privacidad\/","name":"Politica de Privacidad - Ubicante","isPartOf":{"@id":"https:\/\/ubicante.com\/es\/#website"},"datePublished":"2023-12-06T22:45:22+00:00","dateModified":"2023-12-30T15:24:21+00:00","breadcrumb":{"@id":"https:\/\/ubicante.com\/es\/politica-de-privacidad\/#breadcrumb"},"inLanguage":"es","potentialAction":[{"@type":"ReadAction","target":["https:\/\/ubicante.com\/es\/politica-de-privacidad\/"]}]},{"@type":"BreadcrumbList","@id":"https:\/\/ubicante.com\/es\/politica-de-privacidad\/#breadcrumb","itemListElement":[{"@type":"ListItem","position":1,"name":"Portada","item":"https:\/\/ubicante.com\/es\/"},{"@type":"ListItem","position":2,"name":"Politica de Privacidad"}]},{"@type":"WebSite","@id":"https:\/\/ubicante.com\/es\/#website","url":"https:\/\/ubicante.com\/es\/","name":"Ubicante","description":"","publisher":{"@id":"https:\/\/ubicante.com\/es\/#organization"},"potentialAction":[{"@type":"SearchAction","target":{"@type":"EntryPoint","urlTemplate":"https:\/\/ubicante.com\/es\/?s={search_term_string}"},"query-input":{"@type":"PropertyValueSpecification","valueRequired":true,"valueName":"search_term_string"}}],"inLanguage":"es"},{"@type":"Organization","@id":"https:\/\/ubicante.com\/es\/#organization","name":"Ubicante","url":"https:\/\/ubicante.com\/es\/","logo":{"@type":"ImageObject","inLanguage":"es","@id":"https:\/\/ubicante.com\/es\/#\/schema\/logo\/image\/","url":"https:\/\/ubicante.com\/wp-content\/uploads\/Ubicante-logo.png","contentUrl":"https:\/\/ubicante.com\/wp-content\/uploads\/Ubicante-logo.png","width":275,"height":69,"caption":"Ubicante"},"image":{"@id":"https:\/\/ubicante.com\/es\/#\/schema\/logo\/image\/"}}]}},"_links":{"self":[{"href":"https:\/\/ubicante.com\/es\/wp-json\/wp\/v2\/pages\/1647","targetHints":{"allow":["GET"]}}],"collection":[{"href":"https:\/\/ubicante.com\/es\/wp-json\/wp\/v2\/pages"}],"about":[{"href":"https:\/\/ubicante.com\/es\/wp-json\/wp\/v2\/types\/page"}],"author":[{"embeddable":true,"href":"https:\/\/ubicante.com\/es\/wp-json\/wp\/v2\/users\/1"}],"replies":[{"embeddable":true,"href":"https:\/\/ubicante.com\/es\/wp-json\/wp\/v2\/comments?post=1647"}],"version-history":[{"count":10,"href":"https:\/\/ubicante.com\/es\/wp-json\/wp\/v2\/pages\/1647\/revisions"}],"predecessor-version":[{"id":2409,"href":"https:\/\/ubicante.com\/es\/wp-json\/wp\/v2\/pages\/1647\/revisions\/2409"}],"wp:attachment":[{"href":"https:\/\/ubicante.com\/es\/wp-json\/wp\/v2\/media?parent=1647"}],"curies":[{"name":"wp","href":"https:\/\/api.w.org\/{rel}","templated":true}]}}