{"id":1658,"date":"2023-12-07T18:52:38","date_gmt":"2023-12-07T18:52:38","guid":{"rendered":"https:\/\/ubicante.com\/?page_id=1658"},"modified":"2024-02-29T19:13:22","modified_gmt":"2024-02-29T19:13:22","slug":"areas-de-servicio","status":"publish","type":"page","link":"https:\/\/ubicante.com\/es\/areas-de-servicio\/","title":{"rendered":"Areas de servicio"},"content":{"rendered":"<div class=\"gb-container gb-container-68195e5e\">\n<div class=\"gb-container gb-container-96bda7d6\">\n\n<p class=\"gb-headline gb-headline-2ee1fca0 gb-headline-text\">En los \u00faltimos a\u00f1os, hemos visto la introducci\u00f3n de nuevos m\u00e9todos de financiamiento dise\u00f1ados para satisfacer las necesidades \u00fanicas de los compradores de vivienda. Sea cual sea tu situaci\u00f3n, ya seas un solicitante tradicional o necesites soluciones de financiamiento especializadas, como ITIN o financiamiento de due\u00f1o a due\u00f1o, es fundamental tener en cuenta requisitos y criterios espec\u00edficos. Para brindarte claridad y orientaci\u00f3n, hemos detallado los criterios de pr\u00e9stamo correspondientes a cada uno de estos tipos de financiamiento a continuaci\u00f3n.<\/p>\n\n\n\n<figure class=\"wp-block-embed is-type-video is-provider-youtube wp-block-embed-youtube wp-embed-aspect-16-9 wp-has-aspect-ratio\"><div class=\"wp-block-embed__wrapper\">\n<iframe loading=\"lazy\" title=\"AFFORDABLE MODERN HOUSE TOUR NEAR DALLAS TEXAS!\" width=\"1200\" height=\"675\" src=\"https:\/\/www.youtube.com\/embed\/aqgL_6ztUW4?feature=oembed\" frameborder=\"0\" allow=\"accelerometer; autoplay; clipboard-write; encrypted-media; gyroscope; picture-in-picture; web-share\" referrerpolicy=\"strict-origin-when-cross-origin\" allowfullscreen><\/iframe>\n<\/div><\/figure>\n\n<\/div>\n<\/div>\n\n<div class=\"gb-container gb-container-39fa0013\">\n<div class=\"gb-container gb-container-5c09ab36\">\n\n<h2 class=\"gb-headline gb-headline-f525d5d1 gb-headline-text\">Comienza el primer paso para comprar tu casa y explora tipos de financiamiento aqu\u00ed.<\/h2>\n\n\n\n<div class=\"wp-block-essential-blocks-button\"><div class=\"eb-parent-wrapper eb-parent-eb-button-38vg2f4 \"><div class=\"eb-button-wrapper eb-button-alignment eb-button-38vg2f4\"><div class=\"eb-button\"><a class=\"eb-button-anchor\" href=\"https:\/\/ubicante.com\/servicios\/\" rel=\"noopener\">Pr\u00e9stamos de casa<\/a><\/div><\/div><\/div><\/div>\n\n<\/div>\n<\/div>\n\n<div class=\"gb-container gb-container-4fac4e58\">\n<div class=\"gb-container gb-container-05809a8f\">\n\n<h3 class=\"gb-headline gb-headline-0b9ae3c7 gb-headline-text\"><strong>Estamos ubicados en Dallas<\/strong><\/h3>\n\n\n<div class=\"wp-block-image\">\n<figure class=\"aligncenter size-full\"><a href=\"\/areas-de-servicio\/texas\/\"><img loading=\"lazy\" decoding=\"async\" width=\"501\" height=\"301\" src=\"https:\/\/ubicante.com\/wp-content\/uploads\/Group-1000005881.png\" alt=\"\" class=\"wp-image-1663\" srcset=\"https:\/\/ubicante.com\/wp-content\/uploads\/Group-1000005881.png 501w, https:\/\/ubicante.com\/wp-content\/uploads\/Group-1000005881-300x180.png 300w\" sizes=\"auto, (max-width: 501px) 100vw, 501px\" \/><\/a><\/figure>\n<\/div>\n\n\n<h2 class=\"gb-headline gb-headline-2ed7d109 gb-headline-text\"><strong>Te ayudamos a encontrar tu hogar ideal en Dallas, Texas<\/strong><\/h2>\n\n\n\n<p>Para la mayor\u00eda, una compra de una vivienda es parte del sue\u00f1o Americano. Ser due\u00f1os de una vivienda es una inversi\u00f3n a largo plazo y produce muchos beneficios, como una potencial apreciaci\u00f3n de valor. Sin embargo, es posible que algunos nunca tomen los pasos necesarios para convertirse en due\u00f1os debido a la idea de que el proceso es demasiado complicado. He recopilado los pasos m\u00e1s importantes en el proceso de compra de una vivienda y espero que esta explicaci\u00f3n ayude a ustedes futuros propietarios.<\/p>\n\n\n<div class=\"gb-container gb-container-6b40f245\">\n\n<pre class=\"wp-block-code has-base-4-background-color has-background\"><code><iframe src=\"https:\/\/www.google.com\/maps\/embed?pb=!1m18!1m12!1m3!1d214587.41156412516!2d-96.73155254999999!3d32.82066455!2m3!1f0!2f0!3f0!3m2!1i1024!2i768!4f13.1!3m3!1m2!1s0x864c19f77b45974b%3A0xb9ec9ba4f647678f!2sDallas%2C%20Texas%2C%20EE.%20UU.!5e0!3m2!1ses!2sco!4v1701974753307!5m2!1ses!2sco\" width=\"1400\" height=\"400\" style=\"border:0;\" allowfullscreen=\"\" loading=\"lazy\" referrerpolicy=\"no-referrer-when-downgrade\"><\/iframe><\/code><\/pre>\n\n<\/div>\n<\/div>\n<\/div>","protected":false},"excerpt":{"rendered":"<p>En los \u00faltimos a\u00f1os, hemos visto la introducci\u00f3n de nuevos m\u00e9todos de financiamiento dise\u00f1ados para satisfacer las necesidades \u00fanicas de los compradores de vivienda. Sea &#8230; <a title=\"Areas de servicio\" class=\"read-more\" href=\"https:\/\/ubicante.com\/es\/areas-de-servicio\/\" aria-label=\"Leer m\u00e1s sobre Areas de servicio\">Leer m\u00e1s<\/a><\/p>\n","protected":false},"author":1,"featured_media":0,"parent":0,"menu_order":0,"comment_status":"closed","ping_status":"closed","template":"","meta":{"_eb_attr":"","footnotes":""},"class_list":["post-1658","page","type-page","status-publish"],"yoast_head":"<!-- This site is optimized with the Yoast SEO plugin v27.4 - https:\/\/yoast.com\/product\/yoast-seo-wordpress\/ -->\n<title>Areas de servicio - Ubicante<\/title>\n<meta name=\"robots\" content=\"index, follow, max-snippet:-1, max-image-preview:large, max-video-preview:-1\" \/>\n<link rel=\"canonical\" href=\"https:\/\/ubicante.com\/es\/areas-de-servicio\/\" \/>\n<meta property=\"og:locale\" content=\"es_ES\" \/>\n<meta property=\"og:type\" content=\"article\" \/>\n<meta property=\"og:title\" content=\"Areas de servicio - Ubicante\" \/>\n<meta property=\"og:description\" content=\"En los \u00faltimos a\u00f1os, hemos visto la introducci\u00f3n de nuevos m\u00e9todos de financiamiento dise\u00f1ados para satisfacer las necesidades \u00fanicas de los compradores de vivienda. Sea ... Leer m\u00e1s\" \/>\n<meta property=\"og:url\" content=\"https:\/\/ubicante.com\/es\/areas-de-servicio\/\" \/>\n<meta property=\"og:site_name\" content=\"Ubicante\" \/>\n<meta property=\"article:modified_time\" content=\"2024-02-29T19:13:22+00:00\" \/>\n<meta property=\"og:image\" content=\"https:\/\/ubicante.com\/wp-content\/uploads\/Group-1000005881.png\" \/>\n<meta name=\"twitter:card\" content=\"summary_large_image\" \/>\n<meta name=\"twitter:label1\" content=\"Tiempo de lectura\" \/>\n\t<meta name=\"twitter:data1\" content=\"2 minutos\" \/>\n<script type=\"application\/ld+json\" class=\"yoast-schema-graph\">{\"@context\":\"https:\\\/\\\/schema.org\",\"@graph\":[{\"@type\":\"WebPage\",\"@id\":\"https:\\\/\\\/ubicante.com\\\/es\\\/areas-de-servicio\\\/\",\"url\":\"https:\\\/\\\/ubicante.com\\\/es\\\/areas-de-servicio\\\/\",\"name\":\"Areas de servicio - Ubicante\",\"isPartOf\":{\"@id\":\"https:\\\/\\\/ubicante.com\\\/es\\\/#website\"},\"primaryImageOfPage\":{\"@id\":\"https:\\\/\\\/ubicante.com\\\/es\\\/areas-de-servicio\\\/#primaryimage\"},\"image\":{\"@id\":\"https:\\\/\\\/ubicante.com\\\/es\\\/areas-de-servicio\\\/#primaryimage\"},\"thumbnailUrl\":\"https:\\\/\\\/ubicante.com\\\/wp-content\\\/uploads\\\/Group-1000005881.png\",\"datePublished\":\"2023-12-07T18:52:38+00:00\",\"dateModified\":\"2024-02-29T19:13:22+00:00\",\"breadcrumb\":{\"@id\":\"https:\\\/\\\/ubicante.com\\\/es\\\/areas-de-servicio\\\/#breadcrumb\"},\"inLanguage\":\"es\",\"potentialAction\":[{\"@type\":\"ReadAction\",\"target\":[\"https:\\\/\\\/ubicante.com\\\/es\\\/areas-de-servicio\\\/\"]}]},{\"@type\":\"ImageObject\",\"inLanguage\":\"es\",\"@id\":\"https:\\\/\\\/ubicante.com\\\/es\\\/areas-de-servicio\\\/#primaryimage\",\"url\":\"https:\\\/\\\/ubicante.com\\\/wp-content\\\/uploads\\\/Group-1000005881.png\",\"contentUrl\":\"https:\\\/\\\/ubicante.com\\\/wp-content\\\/uploads\\\/Group-1000005881.png\"},{\"@type\":\"BreadcrumbList\",\"@id\":\"https:\\\/\\\/ubicante.com\\\/es\\\/areas-de-servicio\\\/#breadcrumb\",\"itemListElement\":[{\"@type\":\"ListItem\",\"position\":1,\"name\":\"Portada\",\"item\":\"https:\\\/\\\/ubicante.com\\\/es\\\/\"},{\"@type\":\"ListItem\",\"position\":2,\"name\":\"Areas de servicio\"}]},{\"@type\":\"WebSite\",\"@id\":\"https:\\\/\\\/ubicante.com\\\/es\\\/#website\",\"url\":\"https:\\\/\\\/ubicante.com\\\/es\\\/\",\"name\":\"Ubicante\",\"description\":\"\",\"publisher\":{\"@id\":\"https:\\\/\\\/ubicante.com\\\/es\\\/#organization\"},\"potentialAction\":[{\"@type\":\"SearchAction\",\"target\":{\"@type\":\"EntryPoint\",\"urlTemplate\":\"https:\\\/\\\/ubicante.com\\\/es\\\/?s={search_term_string}\"},\"query-input\":{\"@type\":\"PropertyValueSpecification\",\"valueRequired\":true,\"valueName\":\"search_term_string\"}}],\"inLanguage\":\"es\"},{\"@type\":\"Organization\",\"@id\":\"https:\\\/\\\/ubicante.com\\\/es\\\/#organization\",\"name\":\"Ubicante\",\"url\":\"https:\\\/\\\/ubicante.com\\\/es\\\/\",\"logo\":{\"@type\":\"ImageObject\",\"inLanguage\":\"es\",\"@id\":\"https:\\\/\\\/ubicante.com\\\/es\\\/#\\\/schema\\\/logo\\\/image\\\/\",\"url\":\"https:\\\/\\\/ubicante.com\\\/wp-content\\\/uploads\\\/Ubicante-logo.png\",\"contentUrl\":\"https:\\\/\\\/ubicante.com\\\/wp-content\\\/uploads\\\/Ubicante-logo.png\",\"width\":275,\"height\":69,\"caption\":\"Ubicante\"},\"image\":{\"@id\":\"https:\\\/\\\/ubicante.com\\\/es\\\/#\\\/schema\\\/logo\\\/image\\\/\"}}]}<\/script>\n<!-- \/ Yoast SEO plugin. -->","yoast_head_json":{"title":"Areas de servicio - Ubicante","robots":{"index":"index","follow":"follow","max-snippet":"max-snippet:-1","max-image-preview":"max-image-preview:large","max-video-preview":"max-video-preview:-1"},"canonical":"https:\/\/ubicante.com\/es\/areas-de-servicio\/","og_locale":"es_ES","og_type":"article","og_title":"Areas de servicio - Ubicante","og_description":"En los \u00faltimos a\u00f1os, hemos visto la introducci\u00f3n de nuevos m\u00e9todos de financiamiento dise\u00f1ados para satisfacer las necesidades \u00fanicas de los compradores de vivienda. Sea ... Leer m\u00e1s","og_url":"https:\/\/ubicante.com\/es\/areas-de-servicio\/","og_site_name":"Ubicante","article_modified_time":"2024-02-29T19:13:22+00:00","og_image":[{"url":"https:\/\/ubicante.com\/wp-content\/uploads\/Group-1000005881.png","type":"","width":"","height":""}],"twitter_card":"summary_large_image","twitter_misc":{"Tiempo de lectura":"2 minutos"},"schema":{"@context":"https:\/\/schema.org","@graph":[{"@type":"WebPage","@id":"https:\/\/ubicante.com\/es\/areas-de-servicio\/","url":"https:\/\/ubicante.com\/es\/areas-de-servicio\/","name":"Areas de servicio - Ubicante","isPartOf":{"@id":"https:\/\/ubicante.com\/es\/#website"},"primaryImageOfPage":{"@id":"https:\/\/ubicante.com\/es\/areas-de-servicio\/#primaryimage"},"image":{"@id":"https:\/\/ubicante.com\/es\/areas-de-servicio\/#primaryimage"},"thumbnailUrl":"https:\/\/ubicante.com\/wp-content\/uploads\/Group-1000005881.png","datePublished":"2023-12-07T18:52:38+00:00","dateModified":"2024-02-29T19:13:22+00:00","breadcrumb":{"@id":"https:\/\/ubicante.com\/es\/areas-de-servicio\/#breadcrumb"},"inLanguage":"es","potentialAction":[{"@type":"ReadAction","target":["https:\/\/ubicante.com\/es\/areas-de-servicio\/"]}]},{"@type":"ImageObject","inLanguage":"es","@id":"https:\/\/ubicante.com\/es\/areas-de-servicio\/#primaryimage","url":"https:\/\/ubicante.com\/wp-content\/uploads\/Group-1000005881.png","contentUrl":"https:\/\/ubicante.com\/wp-content\/uploads\/Group-1000005881.png"},{"@type":"BreadcrumbList","@id":"https:\/\/ubicante.com\/es\/areas-de-servicio\/#breadcrumb","itemListElement":[{"@type":"ListItem","position":1,"name":"Portada","item":"https:\/\/ubicante.com\/es\/"},{"@type":"ListItem","position":2,"name":"Areas de servicio"}]},{"@type":"WebSite","@id":"https:\/\/ubicante.com\/es\/#website","url":"https:\/\/ubicante.com\/es\/","name":"Ubicante","description":"","publisher":{"@id":"https:\/\/ubicante.com\/es\/#organization"},"potentialAction":[{"@type":"SearchAction","target":{"@type":"EntryPoint","urlTemplate":"https:\/\/ubicante.com\/es\/?s={search_term_string}"},"query-input":{"@type":"PropertyValueSpecification","valueRequired":true,"valueName":"search_term_string"}}],"inLanguage":"es"},{"@type":"Organization","@id":"https:\/\/ubicante.com\/es\/#organization","name":"Ubicante","url":"https:\/\/ubicante.com\/es\/","logo":{"@type":"ImageObject","inLanguage":"es","@id":"https:\/\/ubicante.com\/es\/#\/schema\/logo\/image\/","url":"https:\/\/ubicante.com\/wp-content\/uploads\/Ubicante-logo.png","contentUrl":"https:\/\/ubicante.com\/wp-content\/uploads\/Ubicante-logo.png","width":275,"height":69,"caption":"Ubicante"},"image":{"@id":"https:\/\/ubicante.com\/es\/#\/schema\/logo\/image\/"}}]}},"_links":{"self":[{"href":"https:\/\/ubicante.com\/es\/wp-json\/wp\/v2\/pages\/1658","targetHints":{"allow":["GET"]}}],"collection":[{"href":"https:\/\/ubicante.com\/es\/wp-json\/wp\/v2\/pages"}],"about":[{"href":"https:\/\/ubicante.com\/es\/wp-json\/wp\/v2\/types\/page"}],"author":[{"embeddable":true,"href":"https:\/\/ubicante.com\/es\/wp-json\/wp\/v2\/users\/1"}],"replies":[{"embeddable":true,"href":"https:\/\/ubicante.com\/es\/wp-json\/wp\/v2\/comments?post=1658"}],"version-history":[{"count":8,"href":"https:\/\/ubicante.com\/es\/wp-json\/wp\/v2\/pages\/1658\/revisions"}],"predecessor-version":[{"id":5245,"href":"https:\/\/ubicante.com\/es\/wp-json\/wp\/v2\/pages\/1658\/revisions\/5245"}],"wp:attachment":[{"href":"https:\/\/ubicante.com\/es\/wp-json\/wp\/v2\/media?parent=1658"}],"curies":[{"name":"wp","href":"https:\/\/api.w.org\/{rel}","templated":true}]}}