{"id":2113,"date":"2023-12-26T23:31:41","date_gmt":"2023-12-26T23:31:41","guid":{"rendered":"https:\/\/ubicante.com\/?page_id=2113"},"modified":"2023-12-28T13:48:50","modified_gmt":"2023-12-28T13:48:50","slug":"faq","status":"publish","type":"page","link":"https:\/\/ubicante.com\/es\/faq\/","title":{"rendered":"FAQ"},"content":{"rendered":"<div class=\"gb-container gb-container-9631b0cc\">\n<div class=\"gb-container gb-container-e4c8e6e1\">\n\n<h2 class=\"gb-headline gb-headline-46594fcf gb-headline-text\"><strong>Financiamiento de compra de vivienda<\/strong><\/h2>\n\n\n\n<div class=\"wp-block-essential-blocks-accordion\"><div class=\"eb-parent-wrapper eb-parent-eb-accordion-62w99r4 \"><div class=\"eb-accordion-container eb-accordion-62w99r4\" data-accordion-type=\"accordion\" data-tab-icon=\"fas fa-angle-right\" data-expanded-icon=\"fas fa-angle-down\"><div class=\"eb-accordion-inner\">\n<div class=\"eb-accordion-item-17nfabj eb-accordion-wrapper\" data-clickable=\"false\"><div class=\"eb-accordion-title-wrapper\" tabindex=\"0\"><span class=\"eb-accordion-icon-wrapper\"><span class=\"fas fa-angle-right eb-accordion-icon\"><\/span><\/span><h3 class=\"eb-accordion-title\"><strong>\u00bfQu\u00e9 cantidad se requiere como pago inicial m\u00ednimo al comprar una casa en Dallas?<\/strong><\/h3><\/div><div class=\"eb-accordion-content-wrapper\"><div class=\"eb-accordion-content\">\n<ul class=\"wp-block-list\">\n<li>Con un Prestamo tradicional usando Seguro social: Enganche es desde 0% (primeros comoradores), 3.5%, 5%, o 20% depende de sus impuestos y otros factores requiridos por el banco<\/li>\n<\/ul>\n\n\n\n<p>Pago inicial\/enganche con numero de ITIN: desde 5%,10% o 20% depende de sus impuestos y otros factores requiridos por el banco<\/p>\n<\/div><\/div><\/div>\n\n\n\n<div class=\"eb-accordion-item-alfl8en eb-accordion-wrapper\" data-clickable=\"false\"><div class=\"eb-accordion-title-wrapper\" tabindex=\"0\"><span class=\"eb-accordion-icon-wrapper\"><span class=\"fas fa-angle-right eb-accordion-icon\"><\/span><\/span><h3 class=\"eb-accordion-title\"><strong>\u00bfVale la pena comprar una propiedad en Dallas?<\/strong><\/h3><\/div><div class=\"eb-accordion-content-wrapper\"><div class=\"eb-accordion-content\">\n<p>Considerando las ventajas que presenta Dallas, la inversi\u00f3n en bienes ra\u00edces en esta ciudad se revela como una opci\u00f3n atractiva para aquellos interesados en disfrutar de un costo de vida m\u00e1s accesible, un clima m\u00e1s c\u00e1lido y numerosas oportunidades profesionales.<\/p>\n<\/div><\/div><\/div>\n\n\n\n<div class=\"eb-accordion-item-oky9jli eb-accordion-wrapper\" data-clickable=\"false\"><div class=\"eb-accordion-title-wrapper\" tabindex=\"0\"><span class=\"eb-accordion-icon-wrapper\"><span class=\"fas fa-angle-right eb-accordion-icon\"><\/span><\/span><h3 class=\"eb-accordion-title\"><strong>\u00bfQu\u00e9 opciones de financiamiento existen para compradores de vivienda?<\/strong><\/h3><\/div><div class=\"eb-accordion-content-wrapper\"><div class=\"eb-accordion-content\">\n<p>Se presentan diversas alternativas de financiamiento para los compradores de vivienda, entre las que se incluyen los pr\u00e9stamos tradicionales, el financiamiento con n\u00famero de ITIN y la opci\u00f3n de financiamiento de due\u00f1o a due\u00f1o. Cada una de estas opciones cuenta con requisitos y criterios espec\u00edficos que deben ser cuidadosamente evaluados por el interesado.<\/p>\n<\/div><\/div><\/div>\n\n\n\n<div class=\"eb-accordion-item-tf79zlm eb-accordion-wrapper\" data-clickable=\"false\"><div class=\"eb-accordion-title-wrapper\" tabindex=\"0\"><span class=\"eb-accordion-icon-wrapper\"><span class=\"fas fa-angle-right eb-accordion-icon\"><\/span><\/span><h3 class=\"eb-accordion-title\"><strong><strong>\u00bfCu\u00e1les son los requisitos para solicitantes con n\u00famero de ITIN?<\/strong><\/strong><\/h3><\/div><div class=\"eb-accordion-content-wrapper\"><div class=\"eb-accordion-content\">\n<p>Los solicitantes con n\u00famero de ITIN deben presentar una identificaci\u00f3n v\u00e1lida, dos estados de cuenta bancaria recientes, carta de ITIN, carta de referencia empresarial, W2 o impuestos 1099 de los \u00faltimos dos a\u00f1os, historial laboral de los \u00faltimos 2 a\u00f1os, y talones de cheque del \u00faltimo mes (en caso de no declarar impuestos con el formulario 1099). Adem\u00e1s, se solicita un pago inicial que oscila entre el 5%, 10% o 20%, junto con un aproximado adicional del 3% destinado a cubrir los costos de cierre.<\/p>\n<\/div><\/div><\/div>\n\n\n\n<div class=\"eb-accordion-item-zmhuslh eb-accordion-wrapper\" data-clickable=\"false\"><div class=\"eb-accordion-title-wrapper\" tabindex=\"0\"><span class=\"eb-accordion-icon-wrapper\"><span class=\"fas fa-angle-right eb-accordion-icon\"><\/span><\/span><h3 class=\"eb-accordion-title\"><strong><strong>\u00bfQu\u00e9 requisitos se aplican al financiamiento de due\u00f1o a due\u00f1o?<\/strong><\/strong><\/h3><\/div><div class=\"eb-accordion-content-wrapper\"><div class=\"eb-accordion-content\">\n<p>Los requisitos para el financiamiento de due\u00f1o a due\u00f1o pueden variar, aunque t\u00edpicamente implican un pago inicial que oscila entre el 10% y el 30%. Adem\u00e1s, se suele requerir una identificaci\u00f3n v\u00e1lida, como una ID, licencia, pasaporte o matr\u00edcula.<\/p>\n<\/div><\/div><\/div>\n<\/div><\/div><\/div><\/div>\n\n<\/div>\n<\/div>\n\n<div class=\"gb-container gb-container-38901564\">\n<div class=\"gb-container gb-container-1f8d39d4\">\n\n<h2 class=\"gb-headline gb-headline-bb27f143 gb-headline-text\"><strong><strong>Proceso de compra de una vivienda<\/strong><\/strong><\/h2>\n\n\n\n<div class=\"wp-block-essential-blocks-accordion\"><div class=\"eb-parent-wrapper eb-parent-eb-accordion-c0dfmi2 \"><div class=\"eb-accordion-container eb-accordion-c0dfmi2\" data-accordion-type=\"accordion\" data-tab-icon=\"fas fa-angle-right\" data-expanded-icon=\"fas fa-angle-down\"><div class=\"eb-accordion-inner\">\n<div class=\"eb-accordion-item-mxnoeyz eb-accordion-wrapper\" data-clickable=\"false\"><div class=\"eb-accordion-title-wrapper\" tabindex=\"0\"><span class=\"eb-accordion-icon-wrapper\"><span class=\"fas fa-angle-right eb-accordion-icon\"><\/span><\/span><h3 class=\"eb-accordion-title\">\u00bfC\u00f3mo calcular el monto necesario para comprar una casa?<\/h3><\/div><div class=\"eb-accordion-content-wrapper\"><div class=\"eb-accordion-content\">\n<p>El c\u00e1lculo del monto necesario para la compra de una vivienda se realiza multiplicando el precio de la misma por el porcentaje requerido como enganche, sumando aproximadamente un 2% adicional para cubrir los costos de cierre, que incluyen impuestos, seguro, t\u00edtulo y otros gastos.<\/p>\n<\/div><\/div><\/div>\n\n\n\n<div class=\"eb-accordion-item-xebdhhi eb-accordion-wrapper\" data-clickable=\"false\"><div class=\"eb-accordion-title-wrapper\" tabindex=\"0\"><span class=\"eb-accordion-icon-wrapper\"><span class=\"fas fa-angle-right eb-accordion-icon\"><\/span><\/span><h3 class=\"eb-accordion-title\">\u00bfCu\u00e1les son los pasos esenciales en el proceso de compra de una vivienda?<\/h3><\/div><div class=\"eb-accordion-content-wrapper\"><div class=\"eb-accordion-content\">\n<p>Para comprar una vivienda, el comprador debe seguir estos pasos: determinar un presupuesto, ahorrar para el enganche y los costos de cierre, obtener una preaprobaci\u00f3n, elegir un agente inmobiliario, visitar casas, enviar una oferta, pagar un dep\u00f3sito y una tarifa de opci\u00f3n, hacer una inspecci\u00f3n, obtener una evaluaci\u00f3n y finalizar el cierre.<\/p>\n<\/div><\/div><\/div>\n\n\n\n<div class=\"eb-accordion-item-w6i25c0 eb-accordion-wrapper\" data-clickable=\"false\"><div class=\"eb-accordion-title-wrapper\" tabindex=\"0\"><span class=\"eb-accordion-icon-wrapper\"><span class=\"fas fa-angle-right eb-accordion-icon\"><\/span><\/span><h3 class=\"eb-accordion-title\">\u00bfC\u00f3mo puedo determinar un presupuesto para la compra de mi casa?<\/h3><\/div><div class=\"eb-accordion-content-wrapper\"><div class=\"eb-accordion-content\">\n<p>Para comprar una vivienda, el comprador debe analizar sus ingresos y gastos, considerar el tipo de financiamiento y los costos de cierre.<\/p>\n<\/div><\/div><\/div>\n\n\n\n<div class=\"eb-accordion-item-qf8zlvy eb-accordion-wrapper\" data-clickable=\"false\"><div class=\"eb-accordion-title-wrapper\" tabindex=\"0\"><span class=\"eb-accordion-icon-wrapper\"><span class=\"fas fa-angle-right eb-accordion-icon\"><\/span><\/span><h3 class=\"eb-accordion-title\"><strong>\u00bfLos compradores que adquieren una propiedad por primera vez obtienen beneficios?<\/strong><\/h3><\/div><div class=\"eb-accordion-content-wrapper\"><div class=\"eb-accordion-content\">\n<p>S\u00ed, los primeros compradores de vivienda acceden a una amplia gama de subsidios, pr\u00e9stamos y respaldo financiero que facilitan considerablemente el proceso de adquisici\u00f3n de una propiedad. Esta asistencia abarca desde el respaldo para el pago inicial y los costos de cierre, hasta cr\u00e9ditos fiscales o programas educativos vinculados a la compra de vivienda.<\/p>\n<\/div><\/div><\/div>\n\n\n\n<div class=\"eb-accordion-item-nke2ykm eb-accordion-wrapper\" data-clickable=\"false\"><div class=\"eb-accordion-title-wrapper\" tabindex=\"0\"><span class=\"eb-accordion-icon-wrapper\"><span class=\"fas fa-angle-right eb-accordion-icon\"><\/span><\/span><h3 class=\"eb-accordion-title\"><strong>\u00bfCu\u00e1l es la importancia de elegir al agente inmobiliario adecuado?<\/strong><\/h3><\/div><div class=\"eb-accordion-content-wrapper\"><div class=\"eb-accordion-content\">\n<p>Uno de los aspectos m\u00e1s importantes en el proceso de compra y venta de viviendas es elegir al agente inmobiliario adecuado, que sea el representante y el asesor del comprador. Debe ser confiable, profesional y estar alineado con las necesidades, preferencias y objetivos del comprador.<\/p>\n<\/div><\/div><\/div>\n\n\n\n<div class=\"eb-accordion-item-0r0thrh eb-accordion-wrapper\" data-clickable=\"false\"><div class=\"eb-accordion-title-wrapper\" tabindex=\"0\"><span class=\"eb-accordion-icon-wrapper\"><span class=\"fas fa-angle-right eb-accordion-icon\"><\/span><\/span><h3 class=\"eb-accordion-title\"><strong>\u00bfQu\u00e9 sucede durante la inspecci\u00f3n de la vivienda?<\/strong><\/h3><\/div><div class=\"eb-accordion-content-wrapper\"><div class=\"eb-accordion-content\">\n<p>La inspecci\u00f3n la realiza un profesional certificado, que elabora un informe detallado con las posibles fallas o defectos que requieran reparaci\u00f3n o mantenimiento. Durante el per\u00edodo de opci\u00f3n, el comprador y el vendedor pueden negociar las reparaciones o ajustes de precio que sean necesarios, bas\u00e1ndose en el informe de inspecci\u00f3n. Si no hay acuerdo, el comprador puede cancelar el contrato.<\/p>\n<\/div><\/div><\/div>\n\n\n\n<div class=\"eb-accordion-item-sh1mej0 eb-accordion-wrapper\" data-clickable=\"false\"><div class=\"eb-accordion-title-wrapper\" tabindex=\"0\"><span class=\"eb-accordion-icon-wrapper\"><span class=\"fas fa-angle-right eb-accordion-icon\"><\/span><\/span><h3 class=\"eb-accordion-title\"><strong><strong>\u00bfQu\u00e9 ocurre en el cierre de la compra de una vivienda?<\/strong><\/strong><\/h3><\/div><div class=\"eb-accordion-content-wrapper\"><div class=\"eb-accordion-content\">\n<p>El cierre de la compra es el paso final, en el que el comprador firma los documentos, paga los costos de cierre y recibe el t\u00edtulo y las llaves de la vivienda. Si el valor y el pr\u00e9stamo coinciden, no hay m\u00e1s negociaciones.<\/p>\n<\/div><\/div><\/div>\n<\/div><\/div><\/div><\/div>\n\n<\/div>\n<\/div>\n\n<div class=\"gb-container gb-container-88414b29\">\n<div class=\"gb-container gb-container-3b14275b\">\n\n<h2 class=\"gb-headline gb-headline-2cbcf721 gb-headline-text\">Propiedades de Inversi\u00f3n<\/h2>\n\n\n\n<div class=\"wp-block-essential-blocks-accordion\"><div class=\"eb-parent-wrapper eb-parent-eb-accordion-m3fphqk \"><div class=\"eb-accordion-container eb-accordion-m3fphqk\" data-accordion-type=\"accordion\" data-tab-icon=\"fas fa-angle-right\" data-expanded-icon=\"fas fa-angle-down\"><div class=\"eb-accordion-inner\">\n<div class=\"eb-accordion-item-tn2uksg eb-accordion-wrapper\" data-clickable=\"false\"><div class=\"eb-accordion-title-wrapper\" tabindex=\"0\"><span class=\"eb-accordion-icon-wrapper\"><span class=\"fas fa-angle-right eb-accordion-icon\"><\/span><\/span><h3 class=\"eb-accordion-title\"><strong>\u00bfQu\u00e9 tipos de propiedades de inversi\u00f3n ofrecen en su sitio web?<\/strong><\/h3><\/div><div class=\"eb-accordion-content-wrapper\"><div class=\"eb-accordion-content\">\n<p>La plataforma ofrece residencias de inversi\u00f3n en efectivo, valoradas en $200,000 o menos, situadas en el condado de Dallas y sus alrededores. La gama de opciones abarca una diversidad significativa de propiedades de inversi\u00f3n.<\/p>\n<\/div><\/div><\/div>\n\n\n\n<div class=\"eb-accordion-item-lhvkwk0 eb-accordion-wrapper\" data-clickable=\"false\"><div class=\"eb-accordion-title-wrapper\" tabindex=\"0\"><span class=\"eb-accordion-icon-wrapper\"><span class=\"fas fa-angle-right eb-accordion-icon\"><\/span><\/span><h3 class=\"eb-accordion-title\"><strong>\u00bfC\u00f3mo puedo encontrar una propiedad de inversi\u00f3n adecuada para mis necesidades?<\/strong><\/h3><\/div><div class=\"eb-accordion-content-wrapper\"><div class=\"eb-accordion-content\">\n<p>En el sitio web, se ofrecen diversas opciones de propiedades de inversi\u00f3n. El usuario puede emplear las herramientas de b\u00fasqueda y los filtros disponibles para refinar los resultados de acuerdo con criterios espec\u00edficos, como precio, ubicaci\u00f3n y caracter\u00edsticas de la propiedad. Adem\u00e1s, agentes de bienes ra\u00edces est\u00e1n a disposici\u00f3n para proporcionar asesoramiento personalizado.<\/p>\n<\/div><\/div><\/div>\n\n\n\n<div class=\"eb-accordion-item-0rw619b eb-accordion-wrapper\" data-clickable=\"false\"><div class=\"eb-accordion-title-wrapper\" tabindex=\"0\"><span class=\"eb-accordion-icon-wrapper\"><span class=\"fas fa-angle-right eb-accordion-icon\"><\/span><\/span><h3 class=\"eb-accordion-title\"><strong>\u00bfOfrecen recursos para inversores novatos en bienes ra\u00edces?<\/strong><\/h3><\/div><div class=\"eb-accordion-content-wrapper\"><div class=\"eb-accordion-content\">\n<p>S\u00ed, la plataforma ofrece recursos y orientaci\u00f3n tanto para inversores experimentados como para aquellos que est\u00e1n dando sus primeros pasos en el mundo de las inversiones inmobiliarias. Los agentes disponibles cuentan con experiencia en colaborar con inversores principiantes y est\u00e1n preparados para proporcionar asesoramiento sobre conceptos clave y el proceso de inversi\u00f3n en propiedades. Adem\u00e1s, se brinda informaci\u00f3n detallada sobre los requisitos y pasos necesarios para llevar a cabo inversiones exitosas.<\/p>\n<\/div><\/div><\/div>\n<\/div><\/div><\/div><\/div>\n\n<\/div>\n<\/div>","protected":false},"excerpt":{"rendered":"<p>Financiamiento de compra de vivienda Proceso de compra de una vivienda Propiedades de Inversi\u00f3n<\/p>\n","protected":false},"author":1,"featured_media":0,"parent":0,"menu_order":0,"comment_status":"closed","ping_status":"closed","template":"","meta":{"_eb_attr":"","footnotes":""},"class_list":["post-2113","page","type-page","status-publish"],"yoast_head":"<!-- This site is optimized with the Yoast SEO plugin v27.4 - https:\/\/yoast.com\/product\/yoast-seo-wordpress\/ -->\n<title>FAQ - Ubicante<\/title>\n<meta name=\"robots\" content=\"index, follow, max-snippet:-1, max-image-preview:large, max-video-preview:-1\" \/>\n<link rel=\"canonical\" href=\"https:\/\/ubicante.com\/es\/faq\/\" \/>\n<meta property=\"og:locale\" content=\"es_ES\" \/>\n<meta property=\"og:type\" content=\"article\" \/>\n<meta property=\"og:title\" content=\"FAQ - Ubicante\" \/>\n<meta property=\"og:description\" content=\"Financiamiento de compra de vivienda Proceso de compra de una vivienda Propiedades de Inversi\u00f3n\" \/>\n<meta property=\"og:url\" content=\"https:\/\/ubicante.com\/es\/faq\/\" \/>\n<meta property=\"og:site_name\" content=\"Ubicante\" \/>\n<meta property=\"article:modified_time\" content=\"2023-12-28T13:48:50+00:00\" \/>\n<meta name=\"twitter:card\" content=\"summary_large_image\" \/>\n<meta name=\"twitter:label1\" content=\"Tiempo de lectura\" \/>\n\t<meta name=\"twitter:data1\" content=\"5 minutos\" \/>\n<script type=\"application\/ld+json\" class=\"yoast-schema-graph\">{\"@context\":\"https:\\\/\\\/schema.org\",\"@graph\":[{\"@type\":\"WebPage\",\"@id\":\"https:\\\/\\\/ubicante.com\\\/es\\\/faq\\\/\",\"url\":\"https:\\\/\\\/ubicante.com\\\/es\\\/faq\\\/\",\"name\":\"FAQ - Ubicante\",\"isPartOf\":{\"@id\":\"https:\\\/\\\/ubicante.com\\\/es\\\/#website\"},\"datePublished\":\"2023-12-26T23:31:41+00:00\",\"dateModified\":\"2023-12-28T13:48:50+00:00\",\"breadcrumb\":{\"@id\":\"https:\\\/\\\/ubicante.com\\\/es\\\/faq\\\/#breadcrumb\"},\"inLanguage\":\"es\",\"potentialAction\":[{\"@type\":\"ReadAction\",\"target\":[\"https:\\\/\\\/ubicante.com\\\/es\\\/faq\\\/\"]}]},{\"@type\":\"BreadcrumbList\",\"@id\":\"https:\\\/\\\/ubicante.com\\\/es\\\/faq\\\/#breadcrumb\",\"itemListElement\":[{\"@type\":\"ListItem\",\"position\":1,\"name\":\"Portada\",\"item\":\"https:\\\/\\\/ubicante.com\\\/es\\\/\"},{\"@type\":\"ListItem\",\"position\":2,\"name\":\"FAQ\"}]},{\"@type\":\"WebSite\",\"@id\":\"https:\\\/\\\/ubicante.com\\\/es\\\/#website\",\"url\":\"https:\\\/\\\/ubicante.com\\\/es\\\/\",\"name\":\"Ubicante\",\"description\":\"\",\"publisher\":{\"@id\":\"https:\\\/\\\/ubicante.com\\\/es\\\/#organization\"},\"potentialAction\":[{\"@type\":\"SearchAction\",\"target\":{\"@type\":\"EntryPoint\",\"urlTemplate\":\"https:\\\/\\\/ubicante.com\\\/es\\\/?s={search_term_string}\"},\"query-input\":{\"@type\":\"PropertyValueSpecification\",\"valueRequired\":true,\"valueName\":\"search_term_string\"}}],\"inLanguage\":\"es\"},{\"@type\":\"Organization\",\"@id\":\"https:\\\/\\\/ubicante.com\\\/es\\\/#organization\",\"name\":\"Ubicante\",\"url\":\"https:\\\/\\\/ubicante.com\\\/es\\\/\",\"logo\":{\"@type\":\"ImageObject\",\"inLanguage\":\"es\",\"@id\":\"https:\\\/\\\/ubicante.com\\\/es\\\/#\\\/schema\\\/logo\\\/image\\\/\",\"url\":\"https:\\\/\\\/ubicante.com\\\/wp-content\\\/uploads\\\/Ubicante-logo.png\",\"contentUrl\":\"https:\\\/\\\/ubicante.com\\\/wp-content\\\/uploads\\\/Ubicante-logo.png\",\"width\":275,\"height\":69,\"caption\":\"Ubicante\"},\"image\":{\"@id\":\"https:\\\/\\\/ubicante.com\\\/es\\\/#\\\/schema\\\/logo\\\/image\\\/\"}}]}<\/script>\n<!-- \/ Yoast SEO plugin. -->","yoast_head_json":{"title":"FAQ - Ubicante","robots":{"index":"index","follow":"follow","max-snippet":"max-snippet:-1","max-image-preview":"max-image-preview:large","max-video-preview":"max-video-preview:-1"},"canonical":"https:\/\/ubicante.com\/es\/faq\/","og_locale":"es_ES","og_type":"article","og_title":"FAQ - Ubicante","og_description":"Financiamiento de compra de vivienda Proceso de compra de una vivienda Propiedades de Inversi\u00f3n","og_url":"https:\/\/ubicante.com\/es\/faq\/","og_site_name":"Ubicante","article_modified_time":"2023-12-28T13:48:50+00:00","twitter_card":"summary_large_image","twitter_misc":{"Tiempo de lectura":"5 minutos"},"schema":{"@context":"https:\/\/schema.org","@graph":[{"@type":"WebPage","@id":"https:\/\/ubicante.com\/es\/faq\/","url":"https:\/\/ubicante.com\/es\/faq\/","name":"FAQ - Ubicante","isPartOf":{"@id":"https:\/\/ubicante.com\/es\/#website"},"datePublished":"2023-12-26T23:31:41+00:00","dateModified":"2023-12-28T13:48:50+00:00","breadcrumb":{"@id":"https:\/\/ubicante.com\/es\/faq\/#breadcrumb"},"inLanguage":"es","potentialAction":[{"@type":"ReadAction","target":["https:\/\/ubicante.com\/es\/faq\/"]}]},{"@type":"BreadcrumbList","@id":"https:\/\/ubicante.com\/es\/faq\/#breadcrumb","itemListElement":[{"@type":"ListItem","position":1,"name":"Portada","item":"https:\/\/ubicante.com\/es\/"},{"@type":"ListItem","position":2,"name":"FAQ"}]},{"@type":"WebSite","@id":"https:\/\/ubicante.com\/es\/#website","url":"https:\/\/ubicante.com\/es\/","name":"Ubicante","description":"","publisher":{"@id":"https:\/\/ubicante.com\/es\/#organization"},"potentialAction":[{"@type":"SearchAction","target":{"@type":"EntryPoint","urlTemplate":"https:\/\/ubicante.com\/es\/?s={search_term_string}"},"query-input":{"@type":"PropertyValueSpecification","valueRequired":true,"valueName":"search_term_string"}}],"inLanguage":"es"},{"@type":"Organization","@id":"https:\/\/ubicante.com\/es\/#organization","name":"Ubicante","url":"https:\/\/ubicante.com\/es\/","logo":{"@type":"ImageObject","inLanguage":"es","@id":"https:\/\/ubicante.com\/es\/#\/schema\/logo\/image\/","url":"https:\/\/ubicante.com\/wp-content\/uploads\/Ubicante-logo.png","contentUrl":"https:\/\/ubicante.com\/wp-content\/uploads\/Ubicante-logo.png","width":275,"height":69,"caption":"Ubicante"},"image":{"@id":"https:\/\/ubicante.com\/es\/#\/schema\/logo\/image\/"}}]}},"_links":{"self":[{"href":"https:\/\/ubicante.com\/es\/wp-json\/wp\/v2\/pages\/2113","targetHints":{"allow":["GET"]}}],"collection":[{"href":"https:\/\/ubicante.com\/es\/wp-json\/wp\/v2\/pages"}],"about":[{"href":"https:\/\/ubicante.com\/es\/wp-json\/wp\/v2\/types\/page"}],"author":[{"embeddable":true,"href":"https:\/\/ubicante.com\/es\/wp-json\/wp\/v2\/users\/1"}],"replies":[{"embeddable":true,"href":"https:\/\/ubicante.com\/es\/wp-json\/wp\/v2\/comments?post=2113"}],"version-history":[{"count":1,"href":"https:\/\/ubicante.com\/es\/wp-json\/wp\/v2\/pages\/2113\/revisions"}],"predecessor-version":[{"id":2124,"href":"https:\/\/ubicante.com\/es\/wp-json\/wp\/v2\/pages\/2113\/revisions\/2124"}],"wp:attachment":[{"href":"https:\/\/ubicante.com\/es\/wp-json\/wp\/v2\/media?parent=2113"}],"curies":[{"name":"wp","href":"https:\/\/api.w.org\/{rel}","templated":true}]}}