{"id":2424,"date":"2023-12-30T15:43:18","date_gmt":"2023-12-30T15:43:18","guid":{"rendered":"https:\/\/ubicante.com\/?page_id=2424"},"modified":"2024-11-06T20:06:39","modified_gmt":"2024-11-06T20:06:39","slug":"precalifica","status":"publish","type":"page","link":"https:\/\/ubicante.com\/es\/precalifica\/","title":{"rendered":"Precalifica"},"content":{"rendered":"<section class=\"gb-container gb-container-f8dde27a\">\n<div class=\"gb-container gb-container-e8373f3a\">\n\n<h2 class=\"gb-headline gb-headline-3fce9f91 gb-headline-text\">Ubicante Group est\u00e1 comprometido en acompa\u00f1ar y asesorar a cada cliente durante todas las fases de su proceso.<\/h2>\n\n\n\n<div class=\"wp-block-columns is-layout-flex wp-container-core-columns-is-layout-9d6595d7 wp-block-columns-is-layout-flex\">\n<div class=\"wp-block-column is-layout-flow wp-block-column-is-layout-flow\">\n<div class=\"wp-block-columns is-layout-flex wp-container-core-columns-is-layout-9d6595d7 wp-block-columns-is-layout-flex\">\n<div class=\"wp-block-column is-layout-flow wp-block-column-is-layout-flow\" style=\"flex-basis:25%\"><\/div>\n\n\n\n<div class=\"wp-block-column is-layout-flow wp-block-column-is-layout-flow\" style=\"flex-basis:90%\">\n<p>Te invitamos a completar este sencillo formulario inicial sin compromiso.<\/p>\n\n\n\n<p>No solicitamos tu n\u00famero de seguro social o ITIN y no realizaremos una verificaci\u00f3n de cr\u00e9dito. La informaci\u00f3n que nos proporciones nos ayudar\u00e1 a entender tu situaci\u00f3n financiera y nos permitir\u00e1 presentarte las mejores opciones de financiamiento que nuestros prestamistas preferidos pueden ofrecerte.<\/p>\n\n\n<div class=\"gb-container gb-container-191463ec\">\n<div class=\"wpforms-container wpforms-container-full wpforms-block wpforms-block-bcde398c-4890-4c51-b215-e267eb9f57fe wpforms-render-modern\" id=\"wpforms-4146\"><form id=\"wpforms-form-4146\" class=\"wpforms-validate wpforms-form wpforms-ajax-form\" data-formid=\"4146\" method=\"post\" enctype=\"multipart\/form-data\" action=\"\/es\/wp-json\/wp\/v2\/pages\/2424\" data-token=\"a20e8ebd142dc8e56e7071d6b242e06d\" data-token-time=\"1776872449\"><noscript class=\"wpforms-error-noscript\">Por favor, activa JavaScript en tu navegador para completar este formulario.<\/noscript><div id=\"wpforms-error-noscript\" style=\"display: none;\">Por favor, activa JavaScript en tu navegador para completar este formulario.<\/div><div class=\"wpforms-field-container\"><div id=\"wpforms-4146-field_1-container\" class=\"wpforms-field wpforms-field-name wpforms-one-half wpforms-first\" data-field-id=\"1\"><label class=\"wpforms-field-label\" for=\"wpforms-4146-field_1\">Nombre <span class=\"wpforms-required-label\" aria-hidden=\"true\">*<\/span><\/label><input type=\"text\" id=\"wpforms-4146-field_1\" class=\"wpforms-field-large wpforms-field-required\" name=\"wpforms[fields][1]\" aria-errormessage=\"wpforms-4146-field_1-error\" required><\/div><div id=\"wpforms-4146-field_23-container\" class=\"wpforms-field wpforms-field-name wpforms-one-half wpforms-first\" data-field-id=\"23\"><label class=\"wpforms-field-label\" for=\"wpforms-4146-field_23\">Apellido <span class=\"wpforms-required-label\" aria-hidden=\"true\">*<\/span><\/label><input type=\"text\" id=\"wpforms-4146-field_23\" class=\"wpforms-field-large wpforms-field-required\" name=\"wpforms[fields][23]\" aria-errormessage=\"wpforms-4146-field_23-error\" required><\/div><div id=\"wpforms-4146-field_8-container\" class=\"wpforms-field wpforms-field-email\" data-field-id=\"8\"><label class=\"wpforms-field-label\" for=\"wpforms-4146-field_8\">Correo electr\u00f3nico <span class=\"wpforms-required-label\" aria-hidden=\"true\">*<\/span><\/label><input type=\"email\" id=\"wpforms-4146-field_8\" class=\"wpforms-field-large wpforms-field-required\" name=\"wpforms[fields][8]\" spellcheck=\"false\" aria-errormessage=\"wpforms-4146-field_8-error\" required><\/div><div id=\"wpforms-4146-field_18-container\" class=\"wpforms-field wpforms-field-phone\" data-field-id=\"18\"><label class=\"wpforms-field-label\" for=\"wpforms-4146-field_18\">N\u00famero de Tel\u00e9fono <span class=\"wpforms-required-label\" aria-hidden=\"true\">*<\/span><\/label><input type=\"tel\" id=\"wpforms-4146-field_18\" class=\"wpforms-field-medium wpforms-field-required wpforms-masked-input\" data-inputmask=\"&#039;mask&#039;: &#039;(999) 999-9999&#039;\" data-rule-us-phone-field=\"true\" data-inputmask-inputmode=\"tel\" name=\"wpforms[fields][18]\" aria-label=\"N\u00famero de Tel\u00e9fono\" aria-errormessage=\"wpforms-4146-field_18-error\" required><\/div><div id=\"wpforms-4146-field_4-container\" class=\"wpforms-field wpforms-field-radio\" data-field-id=\"4\"><fieldset><legend class=\"wpforms-field-label\">\u00bfTienes un co-firmante? <span class=\"wpforms-required-label\" aria-hidden=\"true\">*<\/span><\/legend><ul id=\"wpforms-4146-field_4\" class=\"wpforms-field-required\"><li class=\"choice-1 depth-1\"><input type=\"radio\" id=\"wpforms-4146-field_4_1\" name=\"wpforms[fields][4]\" value=\"Si\" aria-errormessage=\"wpforms-4146-field_4_1-error\" required ><label class=\"wpforms-field-label-inline\" for=\"wpforms-4146-field_4_1\">Si<\/label><\/li><li class=\"choice-2 depth-1\"><input type=\"radio\" id=\"wpforms-4146-field_4_2\" name=\"wpforms[fields][4]\" value=\"No\" aria-errormessage=\"wpforms-4146-field_4_2-error\" required ><label class=\"wpforms-field-label-inline\" for=\"wpforms-4146-field_4_2\">No<\/label><\/li><li class=\"choice-3 depth-1\"><input type=\"radio\" id=\"wpforms-4146-field_4_3\" name=\"wpforms[fields][4]\" value=\"Tal vez\" aria-errormessage=\"wpforms-4146-field_4_3-error\" required ><label class=\"wpforms-field-label-inline\" for=\"wpforms-4146-field_4_3\">Tal vez<\/label><\/li><\/ul><\/fieldset><\/div><div id=\"wpforms-4146-field_22-container\" class=\"wpforms-field wpforms-field-text\" data-field-id=\"22\"><label class=\"wpforms-field-label\" for=\"wpforms-4146-field_22\">Pagos Mensuales Estimados de Deuda  <span class=\"wpforms-required-label\" aria-hidden=\"true\">*<\/span><\/label><input type=\"text\" id=\"wpforms-4146-field_22\" class=\"wpforms-field-medium wpforms-field-required\" name=\"wpforms[fields][22]\" aria-errormessage=\"wpforms-4146-field_22-error\" aria-describedby=\"wpforms-4146-field_22-description\" required><div id=\"wpforms-4146-field_22-description\" class=\"wpforms-field-description\">Si tienes un co-firmante, debes calcular las obligaciones mensuales de ambos. Solo incluye obligaciones mensuales actuales, tales como: pago de carro, pr\u00e9stamos estudiantiles, tarjetas de cr\u00e9dito, pensi\u00f3n alimenticia, etc. (No cuentes el alquiler o los pagos de servicios p\u00fablicos). <\/div><\/div><div id=\"wpforms-4146-field_21-container\" class=\"wpforms-field wpforms-field-text\" data-field-id=\"21\"><label class=\"wpforms-field-label\" for=\"wpforms-4146-field_21\">Ingreso Mensuales <span class=\"wpforms-required-label\" aria-hidden=\"true\">*<\/span><\/label><input type=\"text\" id=\"wpforms-4146-field_21\" class=\"wpforms-field-medium wpforms-field-required\" name=\"wpforms[fields][21]\" aria-errormessage=\"wpforms-4146-field_21-error\" aria-describedby=\"wpforms-4146-field_21-description\" required><div id=\"wpforms-4146-field_21-description\" class=\"wpforms-field-description\">Antes de descontar impuestos. Si tienes un co-firmante, suma ambos ingresos mensuales. <\/div><\/div><div id=\"wpforms-4146-field_15-container\" class=\"wpforms-field wpforms-field-radio\" data-field-id=\"15\"><fieldset><legend class=\"wpforms-field-label\">Rango de Puntuaci\u00f3n de Cr\u00e9dito <span class=\"wpforms-required-label\" aria-hidden=\"true\">*<\/span><\/legend><ul id=\"wpforms-4146-field_15\" class=\"wpforms-field-required\"><li class=\"choice-1 depth-1\"><input type=\"radio\" id=\"wpforms-4146-field_15_1\" name=\"wpforms[fields][15]\" value=\"Menos de 580\" aria-errormessage=\"wpforms-4146-field_15_1-error\" required ><label class=\"wpforms-field-label-inline\" for=\"wpforms-4146-field_15_1\">Menos de 580<\/label><\/li><li class=\"choice-2 depth-1\"><input type=\"radio\" id=\"wpforms-4146-field_15_2\" name=\"wpforms[fields][15]\" value=\"Entre 580 y 649\" aria-errormessage=\"wpforms-4146-field_15_2-error\" required ><label class=\"wpforms-field-label-inline\" for=\"wpforms-4146-field_15_2\">Entre 580 y 649<\/label><\/li><li class=\"choice-3 depth-1\"><input type=\"radio\" id=\"wpforms-4146-field_15_3\" name=\"wpforms[fields][15]\" value=\"Entre 650 y 749\" aria-errormessage=\"wpforms-4146-field_15_3-error\" required ><label class=\"wpforms-field-label-inline\" for=\"wpforms-4146-field_15_3\">Entre 650 y 749<\/label><\/li><li class=\"choice-4 depth-1\"><input type=\"radio\" id=\"wpforms-4146-field_15_4\" name=\"wpforms[fields][15]\" value=\"M\u00e1s de 750\" aria-errormessage=\"wpforms-4146-field_15_4-error\" required ><label class=\"wpforms-field-label-inline\" for=\"wpforms-4146-field_15_4\">M\u00e1s de 750<\/label><\/li><li class=\"choice-5 depth-1\"><input type=\"radio\" id=\"wpforms-4146-field_15_5\" name=\"wpforms[fields][15]\" value=\"No lo s\u00e9\" aria-errormessage=\"wpforms-4146-field_15_5-error\" required ><label class=\"wpforms-field-label-inline\" for=\"wpforms-4146-field_15_5\">No lo s\u00e9<\/label><\/li><\/ul><\/fieldset><\/div><div id=\"wpforms-4146-field_24-container\" class=\"wpforms-field wpforms-field-radio\" data-field-id=\"24\"><fieldset><legend class=\"wpforms-field-label\">\u00bfCuentas con seguro social o ITIN? <span class=\"wpforms-required-label\" aria-hidden=\"true\">*<\/span><\/legend><ul id=\"wpforms-4146-field_24\" class=\"wpforms-field-required\"><li class=\"choice-1 depth-1\"><input type=\"radio\" id=\"wpforms-4146-field_24_1\" name=\"wpforms[fields][24]\" value=\"Seguro social\" aria-errormessage=\"wpforms-4146-field_24_1-error\" required ><label class=\"wpforms-field-label-inline\" for=\"wpforms-4146-field_24_1\">Seguro social<\/label><\/li><li class=\"choice-2 depth-1\"><input type=\"radio\" id=\"wpforms-4146-field_24_2\" name=\"wpforms[fields][24]\" value=\"ITIN\" aria-errormessage=\"wpforms-4146-field_24_2-error\" required ><label class=\"wpforms-field-label-inline\" for=\"wpforms-4146-field_24_2\">ITIN<\/label><\/li><li class=\"choice-4 depth-1\"><input type=\"radio\" id=\"wpforms-4146-field_24_4\" name=\"wpforms[fields][24]\" value=\"Seguro Social y ITIN\" aria-errormessage=\"wpforms-4146-field_24_4-error\" required ><label class=\"wpforms-field-label-inline\" for=\"wpforms-4146-field_24_4\">Seguro Social y ITIN<\/label><\/li><li class=\"choice-3 depth-1\"><input type=\"radio\" id=\"wpforms-4146-field_24_3\" name=\"wpforms[fields][24]\" value=\"Ninguno\" aria-errormessage=\"wpforms-4146-field_24_3-error\" required ><label class=\"wpforms-field-label-inline\" for=\"wpforms-4146-field_24_3\">Ninguno<\/label><\/li><\/ul><\/fieldset><\/div><div id=\"wpforms-4146-field_16-container\" class=\"wpforms-field wpforms-field-radio\" data-field-id=\"16\"><fieldset><legend class=\"wpforms-field-label\">\u00bfC\u00f3mo declaras tus impuestos?  <span class=\"wpforms-required-label\" aria-hidden=\"true\">*<\/span><\/legend><ul id=\"wpforms-4146-field_16\" class=\"wpforms-field-required\"><li class=\"choice-1 depth-1\"><input type=\"radio\" id=\"wpforms-4146-field_16_1\" name=\"wpforms[fields][16]\" value=\"W2\" aria-errormessage=\"wpforms-4146-field_16_1-error\" required ><label class=\"wpforms-field-label-inline\" for=\"wpforms-4146-field_16_1\">W2<\/label><\/li><li class=\"choice-2 depth-1\"><input type=\"radio\" id=\"wpforms-4146-field_16_2\" name=\"wpforms[fields][16]\" value=\"1099\" aria-errormessage=\"wpforms-4146-field_16_2-error\" required ><label class=\"wpforms-field-label-inline\" for=\"wpforms-4146-field_16_2\">1099<\/label><\/li><li class=\"choice-4 depth-1\"><input type=\"radio\" id=\"wpforms-4146-field_16_4\" name=\"wpforms[fields][16]\" value=\"No declaro impuestos\" aria-errormessage=\"wpforms-4146-field_16_4-error\" required ><label class=\"wpforms-field-label-inline\" for=\"wpforms-4146-field_16_4\">No declaro impuestos<\/label><\/li><\/ul><\/fieldset><\/div><div id=\"wpforms-4146-field_17-container\" class=\"wpforms-field wpforms-field-radio\" data-field-id=\"17\"><fieldset><legend class=\"wpforms-field-label\">\u00bfPuedes proporcionar copias de tus impuestos de los \u00faltimos dos a\u00f1os?  <span class=\"wpforms-required-label\" aria-hidden=\"true\">*<\/span><\/legend><ul id=\"wpforms-4146-field_17\" class=\"wpforms-field-required\"><li class=\"choice-1 depth-1\"><input type=\"radio\" id=\"wpforms-4146-field_17_1\" name=\"wpforms[fields][17]\" value=\"S\u00ed\" aria-errormessage=\"wpforms-4146-field_17_1-error\" required ><label class=\"wpforms-field-label-inline\" for=\"wpforms-4146-field_17_1\">S\u00ed<\/label><\/li><li class=\"choice-2 depth-1\"><input type=\"radio\" id=\"wpforms-4146-field_17_2\" name=\"wpforms[fields][17]\" value=\"No\" aria-errormessage=\"wpforms-4146-field_17_2-error\" required ><label class=\"wpforms-field-label-inline\" for=\"wpforms-4146-field_17_2\">No<\/label><\/li><li class=\"choice-3 depth-1\"><input type=\"radio\" id=\"wpforms-4146-field_17_3\" name=\"wpforms[fields][17]\" value=\"Solo 1 a\u00f1o\" aria-errormessage=\"wpforms-4146-field_17_3-error\" required ><label class=\"wpforms-field-label-inline\" for=\"wpforms-4146-field_17_3\">Solo 1 a\u00f1o<\/label><\/li><\/ul><\/fieldset><\/div><div id=\"wpforms-4146-field_25-container\" class=\"wpforms-field wpforms-field-captcha\" data-field-id=\"25\"><label class=\"wpforms-field-label\" for=\"wpforms-4146-field_25\">Captcha a Medida <span class=\"wpforms-required-label\" aria-hidden=\"true\">*<\/span><\/label><p id=\"wpforms-4146-field_25-question\" class=\"wpforms-captcha-question\">\u00bfCu\u00e1nto es 2+2?<\/p>\n\t\t<input type=\"text\" id=\"wpforms-4146-field_25\" class=\"wpforms-field-medium wpforms-field-required a\" data-rule-wpf-captcha=\"qa\" data-is-wrapped-field=\"1\" data-a=\"4\" name=\"wpforms[fields][25][a]\" aria-errormessage=\"wpforms-4146-field_25-error\" aria-describedby=\"wpforms-4146-field_25-question\" required>\n\t\t<input type=\"hidden\" name=\"wpforms[fields][25][q]\" value=\"1\">\n\n\t\t<\/div><\/div><!-- .wpforms-field-container --><div class=\"wpforms-submit-container\" ><input type=\"hidden\" name=\"wpforms[id]\" value=\"4146\"><input type=\"hidden\" name=\"page_title\" value=\"\"><input type=\"hidden\" name=\"page_url\" value=\"https:\/\/ubicante.com\/es\/wp-json\/wp\/v2\/pages\/2424\"><input type=\"hidden\" name=\"url_referer\" value=\"\"><button type=\"submit\" name=\"wpforms[submit]\" id=\"wpforms-submit-4146\" class=\"wpforms-submit\" data-alt-text=\"Enviando...\" data-submit-text=\"Empieza tu Precalificaci\u00f3n ahora\" aria-live=\"assertive\" value=\"wpforms-submit\">Empieza tu Precalificaci\u00f3n ahora<\/button><img loading=\"lazy\" decoding=\"async\" src=\"https:\/\/ubicante.com\/wp-content\/plugins\/wpforms\/assets\/images\/submit-spin.svg\" class=\"wpforms-submit-spinner\" style=\"display: none;\" width=\"26\" height=\"26\" alt=\"Cargando\"><\/div><\/form><\/div>  <!-- .wpforms-container -->\n<\/div><\/div>\n\n\n\n<div class=\"wp-block-column is-layout-flow wp-block-column-is-layout-flow\" style=\"flex-basis:25%\"><\/div>\n<\/div>\n\n\n\n<h3 class=\"gb-headline gb-headline-ef36c35b gb-headline-text\">Siguenos en nuestras redes<\/h3>\n\n\n\n<div class=\"wp-block-group is-content-justification-center is-nowrap is-layout-flex wp-container-core-group-is-layout-94bc23d7 wp-block-group-is-layout-flex\">\n<a class=\"gb-button gb-button-231a29ab\" href=\"#\"><span class=\"gb-icon\"><svg viewBox=\"0 0 26 26\" height=\"100\" width=\"100\" y=\"0px\" x=\"0px\" xmlns=\"http:\/\/www.w3.org\/2000\/svg\"> <path d=\"M 7.546875 0 C 3.390625 0 0 3.390625 0 7.546875 L 0 18.453125 C 0 22.609375 3.390625 26 7.546875 26 L 18.453125 26 C 22.609375 26 26 22.609375 26 18.453125 L 26 7.546875 C 26 3.390625 22.609375 0 18.453125 0 Z M 7.546875 2 L 18.453125 2 C 21.527344 2 24 4.46875 24 7.546875 L 24 18.453125 C 24 21.527344 21.53125 24 18.453125 24 L 7.546875 24 C 4.472656 24 2 21.53125 2 18.453125 L 2 7.546875 C 2 4.472656 4.46875 2 7.546875 2 Z M 20.5 4 C 19.671875 4 19 4.671875 19 5.5 C 19 6.328125 19.671875 7 20.5 7 C 21.328125 7 22 6.328125 22 5.5 C 22 4.671875 21.328125 4 20.5 4 Z M 13 6 C 9.144531 6 6 9.144531 6 13 C 6 16.855469 9.144531 20 13 20 C 16.855469 20 20 16.855469 20 13 C 20 9.144531 16.855469 6 13 6 Z M 13 8 C 15.773438 8 18 10.226563 18 13 C 18 15.773438 15.773438 18 13 18 C 10.226563 18 8 15.773438 8 13 C 8 10.226563 10.226563 8 13 8 Z\"><\/path> <\/svg><\/span><\/a>\n\n\n\n<a class=\"gb-button gb-button-58df3fcd\" href=\"#\"><span class=\"gb-icon\"><svg aria-hidden=\"true\" role=\"img\" height=\"1em\" width=\"1em\" viewBox=\"0 0 320 512\" xmlns=\"http:\/\/www.w3.org\/2000\/svg\"><path fill=\"currentColor\" d=\"M279.14 288l14.22-92.66h-88.91v-60.13c0-25.35 12.42-50.06 52.24-50.06h40.42V6.26S260.43 0 225.36 0c-73.22 0-121.08 44.38-121.08 124.72v70.62H22.89V288h81.39v224h100.17V288z\"><\/path><\/svg><\/span><\/a>\n<\/div>\n\n\n<div class=\"gb-container gb-container-4ad3defe\">\n\n<p class=\"gb-headline gb-headline-02af7be0\"><span class=\"gb-icon\"><svg xmlns=\"http:\/\/www.w3.org\/2000\/svg\" viewBox=\"0 0 384 512\" width=\"1em\" height=\"1em\" aria-hidden=\"true\"><path d=\"M172.268 501.67C26.97 291.031 0 269.413 0 192 0 85.961 85.961 0 192 0s192 85.961 192 192c0 77.413-26.97 99.031-172.268 309.67-9.535 13.774-29.93 13.773-39.464 0zM192 272c44.183 0 80-35.817 80-80s-35.817-80-80-80-80 35.817-80 80 35.817 80 80 80z\" fill=\"currentColor\"><\/path><\/svg><\/span><span class=\"gb-headline-text\"><a href=\"https:\/\/maps.app.goo.gl\/2Xnps6ZHdNxPemhA8\">Dallas, Texas<\/a><\/span><\/p>\n\n\n\n<p class=\"gb-headline gb-headline-3b84da64\"><span class=\"gb-icon\"><svg xmlns=\"http:\/\/www.w3.org\/2000\/svg\" viewBox=\"0 0 512 512\" width=\"1em\" height=\"1em\" aria-hidden=\"true\"><path d=\"M493.4 24.6l-104-24c-11.3-2.6-22.9 3.3-27.5 13.9l-48 112c-4.2 9.8-1.4 21.3 6.9 28l60.6 49.6c-36 76.7-98.9 140.5-177.2 177.2l-49.6-60.6c-6.8-8.3-18.2-11.1-28-6.9l-112 48C3.9 366.5-2 378.1.6 389.4l24 104C27.1 504.2 36.7 512 48 512c256.1 0 464-207.5 464-464 0-11.2-7.7-20.9-18.6-23.4z\" fill=\"currentColor\"><\/path><\/svg><\/span><span class=\"gb-headline-text\"><a href=\"tel:2142283871\">(214) 228-3871<\/a><\/span><\/p>\n\n<\/div><\/div>\n<\/div>\n\n<\/div>\n<\/section>","protected":false},"excerpt":{"rendered":"<p>Ubicante Group est\u00e1 comprometido en acompa\u00f1ar y asesorar a cada cliente durante todas las fases de su proceso. Te invitamos a completar este sencillo formulario &#8230; <a title=\"Precalifica\" class=\"read-more\" href=\"https:\/\/ubicante.com\/es\/precalifica\/\" aria-label=\"Leer m\u00e1s sobre Precalifica\">Leer m\u00e1s<\/a><\/p>\n","protected":false},"author":1,"featured_media":0,"parent":0,"menu_order":0,"comment_status":"closed","ping_status":"closed","template":"","meta":{"_eb_attr":"","footnotes":""},"class_list":["post-2424","page","type-page","status-publish"],"yoast_head":"<!-- This site is optimized with the Yoast SEO plugin v27.4 - https:\/\/yoast.com\/product\/yoast-seo-wordpress\/ -->\n<title>Precalifica - Ubicante<\/title>\n<meta name=\"robots\" content=\"index, follow, max-snippet:-1, max-image-preview:large, max-video-preview:-1\" \/>\n<link rel=\"canonical\" href=\"https:\/\/ubicante.com\/es\/precalifica\/\" \/>\n<meta property=\"og:locale\" content=\"es_ES\" \/>\n<meta property=\"og:type\" content=\"article\" \/>\n<meta property=\"og:title\" content=\"Precalifica - Ubicante\" \/>\n<meta property=\"og:description\" content=\"Ubicante Group est\u00e1 comprometido en acompa\u00f1ar y asesorar a cada cliente durante todas las fases de su proceso. Te invitamos a completar este sencillo formulario ... Leer m\u00e1s\" \/>\n<meta property=\"og:url\" content=\"https:\/\/ubicante.com\/es\/precalifica\/\" \/>\n<meta property=\"og:site_name\" content=\"Ubicante\" \/>\n<meta property=\"article:modified_time\" content=\"2024-11-06T20:06:39+00:00\" \/>\n<meta name=\"twitter:card\" content=\"summary_large_image\" \/>\n<meta name=\"twitter:label1\" content=\"Tiempo de lectura\" \/>\n\t<meta name=\"twitter:data1\" content=\"1 minuto\" \/>\n<script type=\"application\/ld+json\" class=\"yoast-schema-graph\">{\"@context\":\"https:\\\/\\\/schema.org\",\"@graph\":[{\"@type\":\"WebPage\",\"@id\":\"https:\\\/\\\/ubicante.com\\\/es\\\/precalifica\\\/\",\"url\":\"https:\\\/\\\/ubicante.com\\\/es\\\/precalifica\\\/\",\"name\":\"Precalifica - Ubicante\",\"isPartOf\":{\"@id\":\"https:\\\/\\\/ubicante.com\\\/es\\\/#website\"},\"datePublished\":\"2023-12-30T15:43:18+00:00\",\"dateModified\":\"2024-11-06T20:06:39+00:00\",\"breadcrumb\":{\"@id\":\"https:\\\/\\\/ubicante.com\\\/es\\\/precalifica\\\/#breadcrumb\"},\"inLanguage\":\"es\",\"potentialAction\":[{\"@type\":\"ReadAction\",\"target\":[\"https:\\\/\\\/ubicante.com\\\/es\\\/precalifica\\\/\"]}]},{\"@type\":\"BreadcrumbList\",\"@id\":\"https:\\\/\\\/ubicante.com\\\/es\\\/precalifica\\\/#breadcrumb\",\"itemListElement\":[{\"@type\":\"ListItem\",\"position\":1,\"name\":\"Portada\",\"item\":\"https:\\\/\\\/ubicante.com\\\/es\\\/\"},{\"@type\":\"ListItem\",\"position\":2,\"name\":\"Precalifica\"}]},{\"@type\":\"WebSite\",\"@id\":\"https:\\\/\\\/ubicante.com\\\/es\\\/#website\",\"url\":\"https:\\\/\\\/ubicante.com\\\/es\\\/\",\"name\":\"Ubicante\",\"description\":\"\",\"publisher\":{\"@id\":\"https:\\\/\\\/ubicante.com\\\/es\\\/#organization\"},\"potentialAction\":[{\"@type\":\"SearchAction\",\"target\":{\"@type\":\"EntryPoint\",\"urlTemplate\":\"https:\\\/\\\/ubicante.com\\\/es\\\/?s={search_term_string}\"},\"query-input\":{\"@type\":\"PropertyValueSpecification\",\"valueRequired\":true,\"valueName\":\"search_term_string\"}}],\"inLanguage\":\"es\"},{\"@type\":\"Organization\",\"@id\":\"https:\\\/\\\/ubicante.com\\\/es\\\/#organization\",\"name\":\"Ubicante\",\"url\":\"https:\\\/\\\/ubicante.com\\\/es\\\/\",\"logo\":{\"@type\":\"ImageObject\",\"inLanguage\":\"es\",\"@id\":\"https:\\\/\\\/ubicante.com\\\/es\\\/#\\\/schema\\\/logo\\\/image\\\/\",\"url\":\"https:\\\/\\\/ubicante.com\\\/wp-content\\\/uploads\\\/Ubicante-logo.png\",\"contentUrl\":\"https:\\\/\\\/ubicante.com\\\/wp-content\\\/uploads\\\/Ubicante-logo.png\",\"width\":275,\"height\":69,\"caption\":\"Ubicante\"},\"image\":{\"@id\":\"https:\\\/\\\/ubicante.com\\\/es\\\/#\\\/schema\\\/logo\\\/image\\\/\"}}]}<\/script>\n<!-- \/ Yoast SEO plugin. -->","yoast_head_json":{"title":"Precalifica - Ubicante","robots":{"index":"index","follow":"follow","max-snippet":"max-snippet:-1","max-image-preview":"max-image-preview:large","max-video-preview":"max-video-preview:-1"},"canonical":"https:\/\/ubicante.com\/es\/precalifica\/","og_locale":"es_ES","og_type":"article","og_title":"Precalifica - Ubicante","og_description":"Ubicante Group est\u00e1 comprometido en acompa\u00f1ar y asesorar a cada cliente durante todas las fases de su proceso. Te invitamos a completar este sencillo formulario ... Leer m\u00e1s","og_url":"https:\/\/ubicante.com\/es\/precalifica\/","og_site_name":"Ubicante","article_modified_time":"2024-11-06T20:06:39+00:00","twitter_card":"summary_large_image","twitter_misc":{"Tiempo de lectura":"1 minuto"},"schema":{"@context":"https:\/\/schema.org","@graph":[{"@type":"WebPage","@id":"https:\/\/ubicante.com\/es\/precalifica\/","url":"https:\/\/ubicante.com\/es\/precalifica\/","name":"Precalifica - Ubicante","isPartOf":{"@id":"https:\/\/ubicante.com\/es\/#website"},"datePublished":"2023-12-30T15:43:18+00:00","dateModified":"2024-11-06T20:06:39+00:00","breadcrumb":{"@id":"https:\/\/ubicante.com\/es\/precalifica\/#breadcrumb"},"inLanguage":"es","potentialAction":[{"@type":"ReadAction","target":["https:\/\/ubicante.com\/es\/precalifica\/"]}]},{"@type":"BreadcrumbList","@id":"https:\/\/ubicante.com\/es\/precalifica\/#breadcrumb","itemListElement":[{"@type":"ListItem","position":1,"name":"Portada","item":"https:\/\/ubicante.com\/es\/"},{"@type":"ListItem","position":2,"name":"Precalifica"}]},{"@type":"WebSite","@id":"https:\/\/ubicante.com\/es\/#website","url":"https:\/\/ubicante.com\/es\/","name":"Ubicante","description":"","publisher":{"@id":"https:\/\/ubicante.com\/es\/#organization"},"potentialAction":[{"@type":"SearchAction","target":{"@type":"EntryPoint","urlTemplate":"https:\/\/ubicante.com\/es\/?s={search_term_string}"},"query-input":{"@type":"PropertyValueSpecification","valueRequired":true,"valueName":"search_term_string"}}],"inLanguage":"es"},{"@type":"Organization","@id":"https:\/\/ubicante.com\/es\/#organization","name":"Ubicante","url":"https:\/\/ubicante.com\/es\/","logo":{"@type":"ImageObject","inLanguage":"es","@id":"https:\/\/ubicante.com\/es\/#\/schema\/logo\/image\/","url":"https:\/\/ubicante.com\/wp-content\/uploads\/Ubicante-logo.png","contentUrl":"https:\/\/ubicante.com\/wp-content\/uploads\/Ubicante-logo.png","width":275,"height":69,"caption":"Ubicante"},"image":{"@id":"https:\/\/ubicante.com\/es\/#\/schema\/logo\/image\/"}}]}},"_links":{"self":[{"href":"https:\/\/ubicante.com\/es\/wp-json\/wp\/v2\/pages\/2424","targetHints":{"allow":["GET"]}}],"collection":[{"href":"https:\/\/ubicante.com\/es\/wp-json\/wp\/v2\/pages"}],"about":[{"href":"https:\/\/ubicante.com\/es\/wp-json\/wp\/v2\/types\/page"}],"author":[{"embeddable":true,"href":"https:\/\/ubicante.com\/es\/wp-json\/wp\/v2\/users\/1"}],"replies":[{"embeddable":true,"href":"https:\/\/ubicante.com\/es\/wp-json\/wp\/v2\/comments?post=2424"}],"version-history":[{"count":11,"href":"https:\/\/ubicante.com\/es\/wp-json\/wp\/v2\/pages\/2424\/revisions"}],"predecessor-version":[{"id":4823,"href":"https:\/\/ubicante.com\/es\/wp-json\/wp\/v2\/pages\/2424\/revisions\/4823"}],"wp:attachment":[{"href":"https:\/\/ubicante.com\/es\/wp-json\/wp\/v2\/media?parent=2424"}],"curies":[{"name":"wp","href":"https:\/\/api.w.org\/{rel}","templated":true}]}}